{"id":98,"date":"2012-11-15T14:51:58","date_gmt":"2012-11-15T12:51:58","guid":{"rendered":"http:\/\/gilde-alfred-delp.de\/cms\/?page_id=98"},"modified":"2012-11-18T10:33:06","modified_gmt":"2012-11-18T08:33:06","slug":"geschichte","status":"publish","type":"page","link":"https:\/\/gilde-alfred-delp.de\/cms\/cartell-rupert-mayer\/geschichte\/","title":{"rendered":"Geschichte"},"content":{"rendered":"<p style=\"text-align: justify;\">Kurz nach dem Zweiten Weltkrieg schlossen sich katholische Laien an verschiedenen Orten Deutschlands zusammen, um sich aktiv am \u2013 geistigen \u2013 Wiederaufbau des Landes zu beteiligen. In den Jahren 1946 bis 1949 kam es zu Gr\u00fcndungen in M\u00fcnchen, Hamburg, Regensburg und Frankfurt. Die vor dem Krieg gegr\u00fcndeten Kreise Berlin (1921) und M\u00fcnster (1926) wurden sp\u00e4ter ins CRM aufgenommen. Um die Zusammenarbeit dieser Kreise zu st\u00e4rken, schlossen sich diese bei einem Treffen am 8. bis 10. Juli 1949 auf Schlo\u00df Hauzenstein zu dem \u201eCartell der Christlichen Logen Deutschlands\u201c zusammen. Ein gemeinsames Gel\u00f6bnis ist die Basis f\u00fcr die Verbindung der Freundeskreise. 1954 kam es zu der Umbenennung in das \u201eCartell Rupert Mayer\u201c. CRM-Mitglieder arbeiten regional und \u00fcberregional aktiv in Gremien (z.B. ZdK), Vereinen (z.B. \u201eHilfe f\u00fcr Mutter und Kind e.V.\u201c) und Stiftungen mit, die dem Ziel des Cartells entsprechen.<\/p>\n<p>homepage CRM<\/p>\n","protected":false},"excerpt":{"rendered":"<p>Kurz nach dem Zweiten Weltkrieg schlossen sich katholische Laien an verschiedenen Orten Deutschlands zusammen, um sich aktiv am \u2013 geistigen \u2013 Wiederaufbau des Landes zu beteiligen. In den Jahren 1946 bis 1949 kam es zu Gr\u00fcndungen in M\u00fcnchen, Hamburg, Regensburg &hellip; <a href=\"https:\/\/gilde-alfred-delp.de\/cms\/cartell-rupert-mayer\/geschichte\/\">Weiterlesen <span class=\"meta-nav\">&rarr;<\/span><\/a><\/p>\n","protected":false},"author":1,"featured_media":0,"parent":9,"menu_order":2,"comment_status":"open","ping_status":"open","template":"showcase.php","meta":{"footnotes":""},"class_list":["post-98","page","type-page","status-publish","hentry"],"_links":{"self":[{"href":"https:\/\/gilde-alfred-delp.de\/cms\/wp-json\/wp\/v2\/pages\/98","targetHints":{"allow":["GET"]}}],"collection":[{"href":"https:\/\/gilde-alfred-delp.de\/cms\/wp-json\/wp\/v2\/pages"}],"about":[{"href":"https:\/\/gilde-alfred-delp.de\/cms\/wp-json\/wp\/v2\/types\/page"}],"author":[{"embeddable":true,"href":"https:\/\/gilde-alfred-delp.de\/cms\/wp-json\/wp\/v2\/users\/1"}],"replies":[{"embeddable":true,"href":"https:\/\/gilde-alfred-delp.de\/cms\/wp-json\/wp\/v2\/comments?post=98"}],"version-history":[{"count":6,"href":"https:\/\/gilde-alfred-delp.de\/cms\/wp-json\/wp\/v2\/pages\/98\/revisions"}],"predecessor-version":[{"id":257,"href":"https:\/\/gilde-alfred-delp.de\/cms\/wp-json\/wp\/v2\/pages\/98\/revisions\/257"}],"up":[{"embeddable":true,"href":"https:\/\/gilde-alfred-delp.de\/cms\/wp-json\/wp\/v2\/pages\/9"}],"wp:attachment":[{"href":"https:\/\/gilde-alfred-delp.de\/cms\/wp-json\/wp\/v2\/media?parent=98"}],"curies":[{"name":"wp","href":"https:\/\/api.w.org\/{rel}","templated":true}]}}