{"id":757,"date":"2013-04-10T09:01:45","date_gmt":"2013-04-10T08:01:45","guid":{"rendered":"http:\/\/gilde-alfred-delp.de\/cms\/?page_id=757"},"modified":"2013-07-02T15:16:55","modified_gmt":"2013-07-02T14:16:55","slug":"aktuelle-anderungen-im-programm","status":"publish","type":"page","link":"https:\/\/gilde-alfred-delp.de\/cms\/beispiel-seite\/cartellversammlung-2013\/aktuelle-anderungen-im-programm\/","title":{"rendered":"Aktuelle Programm\u00e4nderungen"},"content":{"rendered":"<p style=\"text-align: justify;\">Liebe Freunde,<br \/>\naufgrund einiger Hinweise aus Ihren Reihen und wg. terminlicher Schwierigkeiten haben sich folgende Ver\u00e4nderungen zum Ursprungsprogramm ergeben:<\/p>\n<p style=\"text-align: justify;\"><a title=\"Deligierte\" href=\"http:\/\/gilde-alfred-delp.de\/cms\/cartellversammlung-2013\/programm\/deligierte\/\"><strong>Deligiertenprogamm:<\/strong><\/a><br \/>\nNach der Kapitelsitzung in der Gesellschaft Harmonie (wie geplant) besteht dort die M\u00f6glichkeit ein kleines Mittagessen einzunehmen. Anschlie\u00dfend wollen wir uns gemeinsam ins Deutsche Bergbaumuseum zu einer Besichtigung begeben.<\/p>\n<p style=\"text-align: justify;\"><strong>Festgottesdienst am Samstag:<\/strong><br \/>\n<em>Bischof Dr. Overbeck<\/em> hat seine Teilnahme leider absagen m\u00fcssen. Als Zelebrans haben wir Domkapitular Dr. Hans-Werner Th\u00f6nnes gewinnen k\u00f6nnen, der als Bischofsvikar f\u00fcr die Caritas zust\u00e4ndig ist.<\/p>\n<p style=\"text-align: justify;\"><strong>Gottesdienst an Christi Himmelfahrt<\/strong><br \/>\nUnser Bischof wird uns aber gleichwohl besuchen und anstelle des Festgottestdienstes am Samstag mit uns am Donnerstag im Kloster Stiepel die Heilige Messe feiern.<\/p>\n<p style=\"text-align: justify;\"><strong>Samstag Nachmittag<\/strong><br \/>\nF\u00fcr den Samstag Nachmittag haben wir kein Rahmenprogramm geplant, bieten aber gerne individuelle Unterst\u00fctzung an. Die Auswahl an M\u00f6glichkeiten haben wir bereits n\u00e4her beschrieben. Besonders seien hier noch einmal ein Musical-Besuch\u00a0&#8222;Starlight-Express&#8220; und das Bochumer Planetarium erw\u00e4hnt.\u00a0<\/p>\n<p>&nbsp;<\/p>\n","protected":false},"excerpt":{"rendered":"<p>Liebe Freunde, aufgrund einiger Hinweise aus Ihren Reihen und wg. terminlicher Schwierigkeiten haben sich folgende Ver\u00e4nderungen zum Ursprungsprogramm ergeben: Deligiertenprogamm: Nach der Kapitelsitzung in der Gesellschaft Harmonie (wie geplant) besteht dort die M\u00f6glichkeit ein kleines Mittagessen einzunehmen. Anschlie\u00dfend wollen wir &hellip; <a href=\"https:\/\/gilde-alfred-delp.de\/cms\/beispiel-seite\/cartellversammlung-2013\/aktuelle-anderungen-im-programm\/\">Weiterlesen <span class=\"meta-nav\">&rarr;<\/span><\/a><\/p>\n","protected":false},"author":1,"featured_media":0,"parent":20,"menu_order":1,"comment_status":"open","ping_status":"open","template":"showcase.php","meta":{"footnotes":""},"class_list":["post-757","page","type-page","status-publish","hentry"],"_links":{"self":[{"href":"https:\/\/gilde-alfred-delp.de\/cms\/wp-json\/wp\/v2\/pages\/757","targetHints":{"allow":["GET"]}}],"collection":[{"href":"https:\/\/gilde-alfred-delp.de\/cms\/wp-json\/wp\/v2\/pages"}],"about":[{"href":"https:\/\/gilde-alfred-delp.de\/cms\/wp-json\/wp\/v2\/types\/page"}],"author":[{"embeddable":true,"href":"https:\/\/gilde-alfred-delp.de\/cms\/wp-json\/wp\/v2\/users\/1"}],"replies":[{"embeddable":true,"href":"https:\/\/gilde-alfred-delp.de\/cms\/wp-json\/wp\/v2\/comments?post=757"}],"version-history":[{"count":7,"href":"https:\/\/gilde-alfred-delp.de\/cms\/wp-json\/wp\/v2\/pages\/757\/revisions"}],"predecessor-version":[{"id":801,"href":"https:\/\/gilde-alfred-delp.de\/cms\/wp-json\/wp\/v2\/pages\/757\/revisions\/801"}],"up":[{"embeddable":true,"href":"https:\/\/gilde-alfred-delp.de\/cms\/wp-json\/wp\/v2\/pages\/20"}],"wp:attachment":[{"href":"https:\/\/gilde-alfred-delp.de\/cms\/wp-json\/wp\/v2\/media?parent=757"}],"curies":[{"name":"wp","href":"https:\/\/api.w.org\/{rel}","templated":true}]}}