{"id":71,"date":"2012-11-15T14:14:13","date_gmt":"2012-11-15T12:14:13","guid":{"rendered":"http:\/\/gilde-alfred-delp.de\/cms\/?page_id=71"},"modified":"2013-02-18T13:58:09","modified_gmt":"2013-02-18T11:58:09","slug":"programm","status":"publish","type":"page","link":"https:\/\/gilde-alfred-delp.de\/cms\/beispiel-seite\/cartellversammlung-2013\/programm\/","title":{"rendered":"Programm"},"content":{"rendered":"<p><em><strong>Wir begr\u00fc\u00dfen Sie herzlich<\/strong><\/em> als unsere G\u00e4ste zur Cartellversammlung 2013 des Cartells Rupert Mayer in Bochum. Auf den Seiten dieses Registers &#8222;Cartellversammlung 2013&#8220; erfahren Sie\u00a0Organisatorisches \u00fcber den Ablauf der Tagung aber auch Wissenswertes \u00fcber\u00a0<a title=\"Menschen\" href=\"http:\/\/gilde-alfred-delp.de\/cms\/?page_id=75\">Menschen <\/a>und <a title=\"Orte\" href=\"http:\/\/gilde-alfred-delp.de\/cms\/?page_id=211\">Orte<\/a>, die wir erleben und besuchen.<\/p>\n<p><strong>Logistik<\/strong><br \/>\nDie Cartellversammlung\u00a0ist an den &#8222;offiziellen Tagen&#8220; (Freitag und Samstag) so konzipiert, dass die Veranstaltungsorte fu\u00dfl\u00e4ufig erreichbar sind. Sollten aufgrund schlechten Wetters Spazierg\u00e4nge ausscheiden,\u00a0sind nur kurze Taxifahrten erforderlich.<\/p>\n<p>Am Begr\u00fc\u00dfungstag (Donnerstag) werden Bustransfers zur <a title=\"Zisterzienser-Kloster Bochum-Stiepel\" href=\"http:\/\/gilde-alfred-delp.de\/cms\/?page_id=219\">Abendmesse<\/a> und\u00a0von dort zum <a title=\"Haus Kemnade\" href=\"http:\/\/gilde-alfred-delp.de\/cms\/?page_id=221\">Begr\u00fc\u00dfungsabend<\/a> und zur\u00fcck zu den <a title=\"Hotels\" href=\"http:\/\/gilde-alfred-delp.de\/cms\/?page_id=79\">Hotels<\/a> angeboten. Da\u00a0eine Vielzahl von Gildefreunden aus der Nachbarschaft erwartet werden, bitten wir, auf Eigenanreise hinzuweisen, damit angemessene Transport-Kontingente festgelegt werden k\u00f6nnen. An den Veranstaltungsorten stehen jeweils ausreichend Parkpl\u00e4tze zur Verf\u00fcgung.<\/p>\n<p><strong>Teilnahme am <a title=\"Rahmenprogramm\" href=\"http:\/\/gilde-alfred-delp.de\/cms\/?page_id=83\">Rahmenprogramm<\/a><\/strong><br \/>\nWir bieten am Freitag ein flexibles Rahmenprogramm an, welches sich unterschiedlichen Aspekten Bochums widmet. Die auf den jeweiligen Seiten vertiefend dargestellten &#8222;Spuren&#8220; erfordern eine an die Teilnehmerzahl angepa\u00dfte Planung und finanzielle Beteiligung der Teilnehmer. Insofern bitte wir fr\u00fchzeitig um verbindliche Anmeldung und \u00dcberweisung des Kostenbeitrags.<\/p>\n<p><strong>M\u00f6glichkeiten am Samstag und Sonntag<\/strong><br \/>\nF\u00fcr den Samstag empfehlen wir einen Besuch des <a title=\"Deutsches Bergbaumuseum\" href=\"http:\/\/gilde-alfred-delp.de\/cms\/?page_id=229\"><em>Deutschen Bergbaumuseums<\/em><\/a>, des <a title=\"Planetarium\" href=\"http:\/\/gilde-alfred-delp.de\/cms\/?page_id=233\"><em>Planetariums Bochum<\/em><\/a> oder des <a title=\"Kunstmuseum\" href=\"http:\/\/gilde-alfred-delp.de\/cms\/?page_id=216\"><em>Kunstmuseums<\/em><\/a>. Bitte stellen Sie sich den Tag nach Ihren\u00a0individuellen Bed\u00fcrfnissen zusammen. Oder begeben Sie sich ins Zentrum und erleben <a title=\"Bochum\" href=\"http:\/\/gilde-alfred-delp.de\/cms\/?page_id=214\">Bochum<\/a>\u00a0entspannt als <em>Einkaufsstadt<\/em>. Nachmittags um 15:00 Uhr\u00a0f\u00e4hrt immer der\u00a0<em><a title=\"Starlight Express\" href=\"http:\/\/gilde-alfred-delp.de\/cms\/?page_id=235\">Starlight Express<\/a><\/em>\u00a0in der gleichnamigen Musical-Halle in der N\u00e4he des Stadions ab.\u00a0Karten gibt es unter:\u00a0<a href=\"http:\/\/www.eintrittskarten.de\/musical-und-show\/6\/starlight-express\">http:\/\/www.eintrittskarten.de\/musical-und-show\/6\/starlight-express<\/a><\/p>\n<p>Gl\u00fcckauf<br \/>\nDas <a title=\"Organisationskomitee\" href=\"http:\/\/gilde-alfred-delp.de\/cms\/?page_id=332\">Organisationskomitee<\/a><\/p>\n<p>Bitte klicken Sie auf die\u00a0unten stehenden Begriffe zur Weiterleitung auf die jeweilige Themenseite!<\/p>\n<p><a title=\"Deligierte\" href=\"http:\/\/gilde-alfred-delp.de\/cms\/?page_id=81\">Offizielles Programm der Cartellversammlung<\/a><br \/>\n<a title=\"Deligierte\" href=\"http:\/\/gilde-alfred-delp.de\/cms\/?page_id=81\">(Deligiertenprogramm)<\/a><\/p>\n<p><a title=\"Rahmenprogramm\" href=\"http:\/\/gilde-alfred-delp.de\/cms\/?page_id=83\">Rahmenprogramm<\/a><\/p>\n<p><a title=\"Gesamtprogramm\" href=\"http:\/\/gilde-alfred-delp.de\/cms\/?page_id=85\">Gesamtprogramm zum Ausdrucken<\/a><\/p>\n","protected":false},"excerpt":{"rendered":"<p>Wir begr\u00fc\u00dfen Sie herzlich als unsere G\u00e4ste zur Cartellversammlung 2013 des Cartells Rupert Mayer in Bochum. Auf den Seiten dieses Registers &#8222;Cartellversammlung 2013&#8220; erfahren Sie\u00a0Organisatorisches \u00fcber den Ablauf der Tagung aber auch Wissenswertes \u00fcber\u00a0Menschen und Orte, die wir erleben und &hellip; <a href=\"https:\/\/gilde-alfred-delp.de\/cms\/beispiel-seite\/cartellversammlung-2013\/programm\/\">Weiterlesen <span class=\"meta-nav\">&rarr;<\/span><\/a><\/p>\n","protected":false},"author":1,"featured_media":0,"parent":20,"menu_order":1,"comment_status":"open","ping_status":"open","template":"showcase.php","meta":{"footnotes":""},"class_list":["post-71","page","type-page","status-publish","hentry"],"_links":{"self":[{"href":"https:\/\/gilde-alfred-delp.de\/cms\/wp-json\/wp\/v2\/pages\/71","targetHints":{"allow":["GET"]}}],"collection":[{"href":"https:\/\/gilde-alfred-delp.de\/cms\/wp-json\/wp\/v2\/pages"}],"about":[{"href":"https:\/\/gilde-alfred-delp.de\/cms\/wp-json\/wp\/v2\/types\/page"}],"author":[{"embeddable":true,"href":"https:\/\/gilde-alfred-delp.de\/cms\/wp-json\/wp\/v2\/users\/1"}],"replies":[{"embeddable":true,"href":"https:\/\/gilde-alfred-delp.de\/cms\/wp-json\/wp\/v2\/comments?post=71"}],"version-history":[{"count":6,"href":"https:\/\/gilde-alfred-delp.de\/cms\/wp-json\/wp\/v2\/pages\/71\/revisions"}],"predecessor-version":[{"id":923,"href":"https:\/\/gilde-alfred-delp.de\/cms\/wp-json\/wp\/v2\/pages\/71\/revisions\/923"}],"up":[{"embeddable":true,"href":"https:\/\/gilde-alfred-delp.de\/cms\/wp-json\/wp\/v2\/pages\/20"}],"wp:attachment":[{"href":"https:\/\/gilde-alfred-delp.de\/cms\/wp-json\/wp\/v2\/media?parent=71"}],"curies":[{"name":"wp","href":"https:\/\/api.w.org\/{rel}","templated":true}]}}