{"id":62,"date":"2012-11-15T14:11:59","date_gmt":"2012-11-15T12:11:59","guid":{"rendered":"http:\/\/gilde-alfred-delp.de\/cms\/?page_id=62"},"modified":"2013-02-25T13:45:48","modified_gmt":"2013-02-25T12:45:48","slug":"alfred-delp","status":"publish","type":"page","link":"https:\/\/gilde-alfred-delp.de\/cms\/alfred-delp\/","title":{"rendered":"Alfred Delp"},"content":{"rendered":"<p><strong>Alfred Friedrich Delp SJ<\/strong> (* <a title=\"15. September\" href=\"http:\/\/de.wikipedia.org\/wiki\/15._September\">15. September<\/a> <a title=\"1907\" href=\"http:\/\/de.wikipedia.org\/wiki\/1907\">1907<\/a> in <a title=\"Mannheim\" href=\"http:\/\/de.wikipedia.org\/wiki\/Mannheim\">Mannheim<\/a>; \u2020 <a title=\"2. Februar\" href=\"http:\/\/de.wikipedia.org\/wiki\/2._Februar\">2. Februar<\/a> <a title=\"1945\" href=\"http:\/\/de.wikipedia.org\/wiki\/1945\">1945<\/a> in <a title=\"Berlin-Pl\u00f6tzensee\" href=\"http:\/\/de.wikipedia.org\/wiki\/Berlin-Pl%C3%B6tzensee\">Berlin-Pl\u00f6tzensee<\/a>) war ein deutscher <a title=\"Jesuit\" href=\"http:\/\/de.wikipedia.org\/wiki\/Jesuit\">Jesuit<\/a> und Mitglied des <a title=\"Kreisauer Kreis\" href=\"http:\/\/de.wikipedia.org\/wiki\/Kreisauer_Kreis\">Kreisauer Kreises<\/a> im <a title=\"Widerstand gegen den Nationalsozialismus\" href=\"http:\/\/de.wikipedia.org\/wiki\/Widerstand_gegen_den_Nationalsozialismus\">Widerstand gegen den Nationalsozialismus<\/a>.<a href=\"http:\/\/gilde-alfred-delp.de\/cms\/wp-content\/uploads\/2012\/11\/delp051.jpg\"><img loading=\"lazy\" decoding=\"async\" class=\"alignright size-medium wp-image-241\" style=\"border: 0px currentColor;\" title=\"delp05\" alt=\"\" src=\"http:\/\/gilde-alfred-delp.de\/cms\/wp-content\/uploads\/2012\/11\/delp051-300x219.jpg\" width=\"300\" height=\"219\" srcset=\"https:\/\/gilde-alfred-delp.de\/cms\/wp-content\/uploads\/2012\/11\/delp051-300x219.jpg 300w, https:\/\/gilde-alfred-delp.de\/cms\/wp-content\/uploads\/2012\/11\/delp051-410x300.jpg 410w, https:\/\/gilde-alfred-delp.de\/cms\/wp-content\/uploads\/2012\/11\/delp051.jpg 600w\" sizes=\"auto, (max-width: 300px) 100vw, 300px\" \/><\/a><\/p>\n<p style=\"text-align: justify;\">Er wurde im \u201eW\u00f6chnerinnenasyl Luisenheim\u201c in <a title=\"Quadratestadt\" href=\"http:\/\/de.wikipedia.org\/wiki\/Quadratestadt\">C\u00a07<\/a> in Mannheim geboren und zwei Tage sp\u00e4ter dort von Kaplan Mutz in der <a title=\"Jesuitenkirche (Mannheim)\" href=\"http:\/\/de.wikipedia.org\/wiki\/Jesuitenkirche_(Mannheim)\">Jesuitenkirche<\/a>, in deren Sprengel das W\u00f6chnerinnenasyl lag, getauft. Bei der sp\u00e4teren katholischen Hochzeit der Eltern mu\u00dfte sein evangelischer Vater schriftlich zusagen, da\u00df die aus dieser Ehe hervorgehenden Kinder katholisch getauft und erzogen werden. Dieses Versprechen konnte der Vater nicht einhalten, denn die junge Familie mu\u00dfte aus wirtschaftlichen Gr\u00fcnden bei den evangelischen Eltern des Vaters in H\u00fcttenfeld leben, wo die Gro\u00dfmutter, stolz auf ihre evangelische Familientradition, die evangelische Erziehung des Jungen durchsetzte, was zum Dauerkonflikt in der Familie f\u00fchrte. Dort wohnte er bis 1914 in der Mannheimer Stra\u00dfe\u00a03. 1921 wurde er als Gymnasiast zun\u00e4chst konfirmiert, nach einem Streit mit dem evangelischen Pfarrer jedoch in der katholischen Kirche zur Erstkommunion zugelassen und gefirmt. <a href=\"http:\/\/gilde-alfred-delp.de\/cms\/wp-content\/uploads\/2012\/11\/1050474680078.jpg\"><img loading=\"lazy\" decoding=\"async\" class=\"alignleft  wp-image-239\" style=\"border: 0px currentColor;\" title=\"1050474680078\" alt=\"\" src=\"http:\/\/gilde-alfred-delp.de\/cms\/wp-content\/uploads\/2012\/11\/1050474680078-193x300.jpg\" width=\"154\" height=\"240\" \/><\/a>Das desolate Verh\u00e4ltnis zwischen den christlichen Konfessionen begleitete ihn bis ans Lebensende, schreibt er doch aus dem Gef\u00e4ngnis heraus:&#8220;Wenn die Kirchen der Menschheit noch einmmal das Bild einer zankenden Christenheit zumuten, sind sie abgeschrieben&#8220; Die Jugend von Alfred Delp wurde dann vor allem durch die katholische Jugendbewegung \u201e<a title=\"Bund Neudeutschland\" href=\"http:\/\/de.wikipedia.org\/wiki\/Bund_Neudeutschland\">Bund Neudeutschland<\/a>\u201c gepr\u00e4gt. Unmittelbar nach seinem Abitur an der Goetheschule in <a title=\"Dieburg\" href=\"http:\/\/de.wikipedia.org\/wiki\/Dieburg\">Dieburg<\/a> trat er 1926 in den <a title=\"Jesuiten\" href=\"http:\/\/de.wikipedia.org\/wiki\/Jesuiten\">Jesuitenorden<\/a> ein. Als <a title=\"Erzieher\" href=\"http:\/\/de.wikipedia.org\/wiki\/Erzieher\">Erzieher<\/a> und Lehrer wirkte Delp am <a title=\"Kolleg St. Blasien\" href=\"http:\/\/de.wikipedia.org\/wiki\/Kolleg_St._Blasien\">Kolleg St. Blasien<\/a> im <a title=\"Schwarzwald\" href=\"http:\/\/de.wikipedia.org\/wiki\/Schwarzwald\">Schwarzwald<\/a>. 1937 wurde er zum Priester geweiht. Seit 1939 wirkte er als <a title=\"Seelsorger\" href=\"http:\/\/de.wikipedia.org\/wiki\/Seelsorger\">Seelsorger<\/a> in der Pfarrei <a title=\"Heilig Blut (M\u00fcnchen)\" href=\"http:\/\/de.wikipedia.org\/wiki\/Heilig_Blut_(M%C3%BCnchen)\">Heilig Blut<\/a> im <a title=\"M\u00fcnchen\" href=\"http:\/\/de.wikipedia.org\/wiki\/M%C3%BCnchen\">M\u00fcnchner<\/a> Stadtteil <a title=\"Bogenhausen\" href=\"http:\/\/de.wikipedia.org\/wiki\/Bogenhausen\">Bogenhausen<\/a>. Er wurde Mitarbeiter der Zeitschrift <em><a title=\"Stimmen der Zeit\" href=\"http:\/\/de.wikipedia.org\/wiki\/Stimmen_der_Zeit\">Stimmen der Zeit<\/a><\/em> in M\u00fcnchen. Sie erschien bis 1941, bevor ihr im Juni 1941 die Druckerlaubnis entzogen wurde.<\/p>\n<p style=\"text-align: justify;\">Von 1942 an arbeitete Delp im Kreisauer Kreis um <a title=\"Helmuth James Graf von Moltke\" href=\"http:\/\/de.wikipedia.org\/wiki\/Helmuth_James_Graf_von_Moltke\">Helmuth James Graf von Moltke<\/a> mit, um ein Modell f\u00fcr eine neue Gesellschaftsordnung nach dem Ende der <a title=\"Zeit des Nationalsozialismus\" href=\"http:\/\/de.wikipedia.org\/wiki\/Zeit_des_Nationalsozialismus\">Zeit des Nationalsozialismus<\/a> zu entwickeln. Hier engagierte er sich insbesondere f\u00fcr die Positionen der katholischen Kirche bei einem Neuaufbau Deutschlands im Hinblick auf die <a title=\"Katholische Soziallehre\" href=\"http:\/\/de.wikipedia.org\/wiki\/Katholische_Soziallehre\">katholische Soziallehre<\/a>.<a href=\"http:\/\/gilde-alfred-delp.de\/cms\/wp-content\/uploads\/2012\/11\/get.jpg\"><img loading=\"lazy\" decoding=\"async\" class=\"alignright size-medium wp-image-240\" style=\"border: 0px currentColor;\" title=\"get\" alt=\"\" src=\"http:\/\/gilde-alfred-delp.de\/cms\/wp-content\/uploads\/2012\/11\/get-300x145.jpg\" width=\"300\" height=\"145\" srcset=\"https:\/\/gilde-alfred-delp.de\/cms\/wp-content\/uploads\/2012\/11\/get-300x145.jpg 300w, https:\/\/gilde-alfred-delp.de\/cms\/wp-content\/uploads\/2012\/11\/get-500x242.jpg 500w, https:\/\/gilde-alfred-delp.de\/cms\/wp-content\/uploads\/2012\/11\/get.jpg 660w\" sizes=\"auto, (max-width: 300px) 100vw, 300px\" \/><\/a><\/p>\n<div style=\"text-align: justify;\">\n<div>\n<div>Nach dem Scheitern des Umsturzversuches vom <a title=\"20. Juli 1944\" href=\"http:\/\/de.wikipedia.org\/wiki\/20._Juli_1944\">20. Juli 1944<\/a> wurde Delp am 28.\u00a0Juli 1944 nach der Fr\u00fchmesse in <a title=\"St. Georg (Bogenhausen)\" href=\"http:\/\/de.wikipedia.org\/wiki\/St._Georg_(Bogenhausen)\">St.\u00a0Georg<\/a>, Filialkirche von Heilig Blut, verhaftet, obwohl er an den Vorbereitungen des Attentats nicht beteiligt war. Im Prozess vor dem <a title=\"Volksgerichtshof\" href=\"http:\/\/de.wikipedia.org\/wiki\/Volksgerichtshof\">Volksgerichtshof<\/a> unter Vorsitz von <a title=\"Roland Freisler\" href=\"http:\/\/de.wikipedia.org\/wiki\/Roland_Freisler\">Roland Freisler<\/a> wurde Alfred Delp wegen <a title=\"Hochverrat\" href=\"http:\/\/de.wikipedia.org\/wiki\/Hochverrat\">Hoch<\/a>&#8211; und <a title=\"Landesverrat\" href=\"http:\/\/de.wikipedia.org\/wiki\/Landesverrat\">Landesverrats<\/a> zum <a title=\"Todesstrafe\" href=\"http:\/\/de.wikipedia.org\/wiki\/Todesstrafe\">Tod<\/a> durch den <a title=\"Erh\u00e4ngen\" href=\"http:\/\/de.wikipedia.org\/wiki\/Erh%C3%A4ngen\">Strang<\/a> verurteilt. Das Gericht hatte zwar den Vorwurf der Mitwisserschaft am Attentat fallen lassen, doch sein Engagement im Kreisauer Kreis, sein Wirken als Jesuitenpater und seine christlich-soziale Weltanschauung gen\u00fcgten, um ihn zum Opfer der NS-Justiz zu machen.<\/div>\n<\/div>\n<\/div>\n<p style=\"text-align: justify;\">W\u00e4hrend der Haftzeit machte ihm die <a title=\"Gestapo\" href=\"http:\/\/de.wikipedia.org\/wiki\/Gestapo\">Gestapo<\/a> das Angebot der \u201eFreilassung gegen Ordensaustritt\u201c, was aber von Delp ausgeschlagen wurde. Delp legte am 8.\u00a0Dezember 1944 in der <a title=\"Justizvollzugsanstalt Tegel\" href=\"http:\/\/de.wikipedia.org\/wiki\/Justizvollzugsanstalt_Tegel\">Haftanstalt Berlin-Tegel<\/a> seine letzten, feierlichen <a title=\"Ordensgel\u00fcbde\" href=\"http:\/\/de.wikipedia.org\/wiki\/Ordensgel%C3%BCbde\">Gel\u00fcbde<\/a> ab, die Profess, mit der Delp und sein Orden ihre gegenseitige Bindung bekundeten. Das Urteil wurde am 2.\u00a0Februar 1945 in <a title=\"Gedenkst\u00e4tte Pl\u00f6tzensee\" href=\"http:\/\/de.wikipedia.org\/wiki\/Gedenkst%C3%A4tte_Pl%C3%B6tzensee\">Pl\u00f6tzensee<\/a> vollstreckt.<\/p>\n<p>wikipedia<\/p>\n","protected":false},"excerpt":{"rendered":"<p>Alfred Friedrich Delp SJ (* 15. September 1907 in Mannheim; \u2020 2. Februar 1945 in Berlin-Pl\u00f6tzensee) war ein deutscher Jesuit und Mitglied des Kreisauer Kreises im Widerstand gegen den Nationalsozialismus. Er wurde im \u201eW\u00f6chnerinnenasyl Luisenheim\u201c in C\u00a07 in Mannheim geboren &hellip; <a href=\"https:\/\/gilde-alfred-delp.de\/cms\/alfred-delp\/\">Weiterlesen <span class=\"meta-nav\">&rarr;<\/span><\/a><\/p>\n","protected":false},"author":1,"featured_media":0,"parent":0,"menu_order":3,"comment_status":"open","ping_status":"open","template":"showcase.php","meta":{"footnotes":""},"class_list":["post-62","page","type-page","status-publish","hentry"],"_links":{"self":[{"href":"https:\/\/gilde-alfred-delp.de\/cms\/wp-json\/wp\/v2\/pages\/62","targetHints":{"allow":["GET"]}}],"collection":[{"href":"https:\/\/gilde-alfred-delp.de\/cms\/wp-json\/wp\/v2\/pages"}],"about":[{"href":"https:\/\/gilde-alfred-delp.de\/cms\/wp-json\/wp\/v2\/types\/page"}],"author":[{"embeddable":true,"href":"https:\/\/gilde-alfred-delp.de\/cms\/wp-json\/wp\/v2\/users\/1"}],"replies":[{"embeddable":true,"href":"https:\/\/gilde-alfred-delp.de\/cms\/wp-json\/wp\/v2\/comments?post=62"}],"version-history":[{"count":14,"href":"https:\/\/gilde-alfred-delp.de\/cms\/wp-json\/wp\/v2\/pages\/62\/revisions"}],"predecessor-version":[{"id":610,"href":"https:\/\/gilde-alfred-delp.de\/cms\/wp-json\/wp\/v2\/pages\/62\/revisions\/610"}],"wp:attachment":[{"href":"https:\/\/gilde-alfred-delp.de\/cms\/wp-json\/wp\/v2\/media?parent=62"}],"curies":[{"name":"wp","href":"https:\/\/api.w.org\/{rel}","templated":true}]}}