{"id":58,"date":"2012-11-15T14:11:08","date_gmt":"2012-11-15T12:11:08","guid":{"rendered":"http:\/\/gilde-alfred-delp.de\/cms\/?page_id=58"},"modified":"2020-01-29T20:16:22","modified_gmt":"2020-01-29T19:16:22","slug":"grundung-in-bochum","status":"publish","type":"page","link":"https:\/\/gilde-alfred-delp.de\/cms\/beispiel-seite\/grundung-in-bochum\/","title":{"rendered":"Unsere Geschichte"},"content":{"rendered":"<p style=\"text-align: justify;\"><strong>Unsere Geschichte<\/strong><\/p>\n<p>Als die Gilde Alfred Delp am 08. April 1964 von der Michael Gilde Dortmund\u00a0 gegr\u00fcndet wurde und 28 Gr\u00fcndungsmitglieder z\u00e4hlte, geschah dies in einem wirtschaftlich freundlichen Umfeld aber zu Beginn einer Ver\u00e4nderung unserer Kirche.<\/p>\n<p>Die Mitglieder der Gilde Alfred Delp in Bochum verstanden sich wie die der christlichen Logen im Cartell Rupert Mayer als Laiengemeinschaft, die sich\u00a0 \u201evom Episkopat weit entfernt\u201c hielt (Pater L. Born SJ, Aus den Anf\u00e4ngen der CL). In Verinnerlichung der Hauzensteiner Beschl\u00fcsse (1949) sah sie ihren Sinn darin, eine Gemeinschaft von katholischen M\u00e4nnern zu sein, \u201edie den Willen zur aktiven\u00a0 Mitarbeit an der Wirtschaftsordnung, der Gesellschaftsordnung und deren Durchdringung mit den Grunds\u00e4tzen des nat\u00fcrlichen und des christlichen Rechts in sich verk\u00f6rperten, dabei bereit waren, an sich zu arbeiten, Bildungsarbeit und auch Zusammenarbeit mit anderen zu betreiben und Freundschaft miteinander\u201c zu pflegen.<\/p>\n<p style=\"text-align: justify;\">Die Gilde Alfred Delp hat diesen Auftrag \u00fcber die Jahrzehnte bis heute gelebt. Zun\u00e4chst als reiner M\u00e4nnerbund gedacht und nur f\u00fcr sich da, \u00f6ffneten sie sich ab den siebziger Jahren nach au\u00dfen. Seit 1987 werden die Damen zu allen Veranstaltungen eingeladen, die Jahresmitgliederversammlung ausgenommen. Die ungeschriebene Chronik erz\u00e4hlt von unz\u00e4hligen Vortr\u00e4gen \u00fcber alle Themen dieser Welt, von Wintertreffen mit den Gilden in ihrem Umfeld, von den sch\u00f6nsten Reisen in das nahe und ferne Deutschland, in europ\u00e4ische und an das Mittelmeer angrenzende Regionen, von freundschaftlichen Begegnungen auf Cartellversammlungen und im famili\u00e4ren Umfeld. Die Programme der Jahre\u00a0 bestimmte der jeweilige Vorsitzende und f\u00fcllte sie mit seinem Denken \u00fcber die Dinge und das, was ihm wichtig war, aus. Wirtschaftliche M\u00f6glichkeiten wurden niemals ausgereizt. Die Gildefreunde bildeten eine homogene Gemeinschaft.<\/p>\n<p>Im Jahre 1979 fanden sich die Freunde Schmitz, Seel und Reiser \u2013 alle Gr\u00fcndungsmitglieder \u2013 bereit, die Gr\u00fcndung der Thomas Morus Gilde Gelsenkirchen auf den Weg zu bringen, eine gelungene Entscheidung, die insbesondere die Ruhrgebietsgilden bereicherte. Unser Ruhrbischof Hengsbach freute sich in besonderer Weise dar\u00fcber und er w\u00fcnschte von diesen Freunden, auch eine neue Gruppe von Freunden f\u00fcr das Cartell Rupert Mayer in L\u00fcdenscheid zu gewinnen: die \u201eGilde Sauerland\u201c sah er dort gern. Zu dieser Gr\u00fcndung kam es aber \u2013 bis heute \u2013 nicht.<\/p>\n<p>Die Gilde Alfred Delp z\u00e4hlt heute, am Vorabend ihres 50 j\u00e4hrigen Jubil\u00e4ums, 43 Mitglieder; ihr Bestand ist durch einen gelungenen jugendlichen Nachwuchs gesichert.<\/p>\n<p>Die Mitglieder der Gilde Alfred Delp freuen sich in diesen Tagen auf eine gesellige, ihre Gedanken in Vortr\u00e4gen, Reden und Gespr\u00e4chen weiterf\u00fchrende wie auch erlebnisreiche Cartellversammlung 2013 in ihrer Heimatstadt.<br \/>\nBochum, April 2013 \u00a0 \u00a0Ludwig Mauer<\/p>\n","protected":false},"excerpt":{"rendered":"<p>Unsere Geschichte Als die Gilde Alfred Delp am 08. April 1964 von der Michael Gilde Dortmund\u00a0 gegr\u00fcndet wurde und 28 Gr\u00fcndungsmitglieder z\u00e4hlte, geschah dies in einem wirtschaftlich freundlichen Umfeld aber zu Beginn einer Ver\u00e4nderung unserer Kirche. Die Mitglieder der Gilde &hellip; <a href=\"https:\/\/gilde-alfred-delp.de\/cms\/beispiel-seite\/grundung-in-bochum\/\">Weiterlesen <span class=\"meta-nav\">&rarr;<\/span><\/a><\/p>\n","protected":false},"author":1,"featured_media":0,"parent":2,"menu_order":0,"comment_status":"open","ping_status":"open","template":"showcase.php","meta":{"footnotes":""},"class_list":["post-58","page","type-page","status-publish","hentry"],"_links":{"self":[{"href":"https:\/\/gilde-alfred-delp.de\/cms\/wp-json\/wp\/v2\/pages\/58","targetHints":{"allow":["GET"]}}],"collection":[{"href":"https:\/\/gilde-alfred-delp.de\/cms\/wp-json\/wp\/v2\/pages"}],"about":[{"href":"https:\/\/gilde-alfred-delp.de\/cms\/wp-json\/wp\/v2\/types\/page"}],"author":[{"embeddable":true,"href":"https:\/\/gilde-alfred-delp.de\/cms\/wp-json\/wp\/v2\/users\/1"}],"replies":[{"embeddable":true,"href":"https:\/\/gilde-alfred-delp.de\/cms\/wp-json\/wp\/v2\/comments?post=58"}],"version-history":[{"count":12,"href":"https:\/\/gilde-alfred-delp.de\/cms\/wp-json\/wp\/v2\/pages\/58\/revisions"}],"predecessor-version":[{"id":1061,"href":"https:\/\/gilde-alfred-delp.de\/cms\/wp-json\/wp\/v2\/pages\/58\/revisions\/1061"}],"up":[{"embeddable":true,"href":"https:\/\/gilde-alfred-delp.de\/cms\/wp-json\/wp\/v2\/pages\/2"}],"wp:attachment":[{"href":"https:\/\/gilde-alfred-delp.de\/cms\/wp-json\/wp\/v2\/media?parent=58"}],"curies":[{"name":"wp","href":"https:\/\/api.w.org\/{rel}","templated":true}]}}