{"id":578,"date":"2013-02-24T15:24:59","date_gmt":"2013-02-24T14:24:59","guid":{"rendered":"http:\/\/gilde-alfred-delp.de\/cms\/?page_id=578"},"modified":"2013-03-04T13:24:04","modified_gmt":"2013-03-04T12:24:04","slug":"gesellschaft-harmonie","status":"publish","type":"page","link":"https:\/\/gilde-alfred-delp.de\/cms\/beispiel-seite\/cartellversammlung-2013\/orte-2\/gesellschaft-harmonie\/","title":{"rendered":"Gesellschaft Harmonie"},"content":{"rendered":"<p><strong>Gesellschaft Harmonie<\/strong><\/p>\n<p style=\"text-align: justify;\">Die Gilde Alfred Delp trifft sich zu ihren regelm\u00e4\u00dfigen Veranstaltungen in der traditionsreichen Gesellschaft Harmonie am Bochumer Stadtpark. Hier befindet sich auch das \u00e0 la carte-<a href=\"http:\/\/www.restaurant-herrb.de\" target=\"_blank\">Restaurant Herr B<\/a>.<\/p>\n<p>Die Gesellschaft Harmonie blickt auf eine bewegte Geschichte zur\u00fcck. <img decoding=\"async\" class=\"alignright\" alt=\"Berliner Hof\" src=\"http:\/\/www.gesellschaft-harmonie.de\/images\/berliner_hof.jpg\" \/><\/p>\n<div>\n<div style=\"text-align: left;\">\n<p>Das erste Gesellschaftshaus der &#8222;Harmonie&#8220;: Berliner Hof<\/p>\n<\/div>\n<p style=\"text-align: justify;\"><strong>1817 Gr\u00fcndung der Gesellschaft Harmonie<\/strong><br \/>\nIm Jahre 1816 schloss sich in Bochum ein kleiner Kreis angesehener B\u00fcrger (der guten Gesellschaft) zusammen und gr\u00fcndete unter der F\u00fchrung des Stadt- und Landgerichtsassessors von Esselen eine Lesegemeinschaft. Aus den Mitgliedern dieser Lesegemeinschaft wurde 1817 die &#8222;geschlossene Gesellschaft Harmonie&#8220; gegr\u00fcndet.<\/p>\n<\/div>\n<div>\n<div><img decoding=\"async\" class=\"alignright\" alt=\"Erste Harmonie\" src=\"http:\/\/www.gesellschaft-harmonie.de\/images\/erste_harmonie.jpg\" \/>Das erste eigene Gesellschaftshaus der &#8222;Harmonie&#8220;, erbaut 1869 an der Hochstra\u00dfe, jetzt Kortumstra\u00dfe<\/div>\n<p style=\"text-align: justify;\"><strong>1869 Erstes Gesellschaftshaus der Harmonie<\/strong><br \/>\nDas erste eigene Gesellschaftshaus der Harmonie wurde im Jahre 1869 am Wilhelmsplatz gebaut. Dies war m\u00f6glich, nachdem die Harmonie durch allerh\u00f6chste Cabinets-Ordre vom 18. November 1868 die Rechte einer juristischen Person von K\u00f6nig Wilhelm I. erhalten hatte.<\/p>\n<\/div>\n<div>\n<div><img decoding=\"async\" class=\"alignright\" alt=\"Berliner Hof\" src=\"http:\/\/www.gesellschaft-harmonie.de\/images\/stammtisch.jpg\" \/>Stammtischrunde um 1900<\/div>\n<p style=\"text-align: justify;\"><strong>Unternehmer von Rang und Namen<\/strong><br \/>\nWelche Bedeutung die Harmonie und ihre Mitglieder in Bochum hatten, besonders im Wirtschaftsleben der Stadt, geht auch aus der Schrift der Industrie- und Handelskammer Bochum zum 75. Jubil\u00e4um ihres Bestehens hervor, in der eine Aufstellung der Pr\u00e4sidenten und f\u00fchrenden M\u00e4nner aufgezeichent ist. Fabrikbesitzer, Bankdirektoren, Bauunternehmer, Juristen u.v.a. wichtige Pers\u00f6nlichkeiten sind hier verzeichnet.<\/p>\n<\/div>\n<div>\n<div><img decoding=\"async\" class=\"alignright\" alt=\"Eingang zur 'Harmonie'\" src=\"http:\/\/www.gesellschaft-harmonie.de\/images\/kortum.jpg\" \/>Eingang zur &#8222;Harmonie&#8220; an der Harmoniestra\u00dfe 2<\/div>\n<p style=\"text-align: justify;\"><strong>1912 bis 1914 Umbau und Errichtung Warenhaus Kortum<\/strong><br \/>\nDas erste Gesellschaftshaus am Wilhelmsplatz war allm\u00e4hlich viel zu klein, durch Zukauf von G\u00e4rten war die Besitzung wesentlich gr\u00f6\u00dfer geworden. Im Jahre 1912 verkaufte die Harmonie das Grundst\u00fcck f\u00fcr die Errichtung des Warenhauses Gbr. Alsberg, jetzt Kortum. Es entstand die Harmoniestra\u00dfe. Der Umbau war im Fr\u00fchjahr 1914 vollendet, der repr\u00e4sentative Neubau hatte seinen Eingang an der Harmoniestra\u00dfe.<\/p>\n<\/div>\n<div>\n<div><img decoding=\"async\" class=\"alignright\" alt=\"Alte Harmonie\" src=\"http:\/\/www.gesellschaft-harmonie.de\/images\/alte_harmonie.jpg\" \/>Die &#8222;alte&#8220; Harmonie, Ecke Harmonie- und Hochstra\u00dfe<\/div>\n<p style=\"text-align: justify;\"><strong>1914 bis 1925 Kriegsjahre und Besetzung der Harmonie<\/strong><br \/>\nDie Kriegsjahre brachten das gesellschaftliche und wirtschaftliche Leben in Bochum und damit auch in der Harmnoie nahezu zum Erliegen. Nach dem Krieg wurde das Geb\u00e4ude der Harmonie von den Franzosen besetzt und zu einem Offizierskasino umfunktioniert.<\/p>\n<\/div>\n<div>\n<div style=\"text-align: justify;\"><img decoding=\"async\" class=\"alignright\" alt=\"Weinkeller\" src=\"http:\/\/www.gesellschaft-harmonie.de\/images\/weinkeller.jpg\" \/>Weinkeller der &#8222;Harmonie&#8220;<\/div>\n<p style=\"text-align: justify;\"><strong>Weinkeller mit Kellermeister<\/strong><br \/>\nIm Weinkeller war seit 1918 ein Kellermeister angestellt. 1920 l\u00f6ste J.\u00a0Mogendorf seinen Bruder ab. Mit Freude erz\u00e4hlte er, dass er 1922 im sogenannten Rotweinkeller etwa 12.000 bis 15.000 Flaschen eingemauert hatte, um so diese Weinbest\u00e4nde dem unberechtigten Zugriff in der unruhigen Nachkriegszeit zu entziehen. 1925 wurden die Flaschen als Befreiungswein etikettiert.<\/p>\n<\/div>\n<div>\n<div><img decoding=\"async\" class=\"alignright\" alt=\"Zerst\u00f6rte Harmonie\" src=\"http:\/\/www.gesellschaft-harmonie.de\/images\/zerstoert_harmonie.jpg\" \/>Zerst\u00f6rte Harmonie von der Harmoniestra\u00dfe aus gesehen<\/div>\n<p style=\"text-align: justify;\"><strong>1943 Zerst\u00f6rte Harmonie<\/strong><br \/>\nIn der Pfingstnacht 1943 (12. Juni 1943) wurde das Haus der Gesellschaft Harmonie durch mehrere Volltreffer bei einem Luftangriff auf Bochum zerst\u00f6rt. Die stehengebliebenen Teile brannten aus, so dass von der Einrichtung nichts gerettet werden konnte. Die Gesellschaft war nun heimatlos.<\/p>\n<\/div>\n<div>\n<div><img decoding=\"async\" class=\"alignright\" alt=\"Neues Harmoniegeb\u00e4ude\" src=\"http:\/\/www.gesellschaft-harmonie.de\/images\/neues_harmoniegebaeude.jpg\" \/>Das neue &#8222;Harmonie&#8220;-Geb\u00e4ude in der Gudrunstra\u00dfe 9<\/div>\n<p style=\"text-align: justify;\"><strong>1949 Neues Harmoniegeb\u00e4ude<\/strong><br \/>\nAm 12. Dezember 1949 fasste die Generalversammlung den grundlegenden Beschluss \u00fcber die Ver\u00e4usserung des alten Grundst\u00fcckes und den Erwerb des Grundst\u00fcckes Gudrunstra\u00dfe 9 mit dem Karolinenhof, um dieses Geb\u00e4ude umzubauen und als Gesellschaftshaus einzurichten. Am 15. Dezember 1950 wurde zu einer Besichtigung der neuen R\u00e4ume eingeladen.<\/p>\n<\/div>\n<div>\n<div><img decoding=\"async\" class=\"alignright\" alt=\"Spanferkelessen\" src=\"http:\/\/www.gesellschaft-harmonie.de\/images\/spanferkelessen.jpg\" \/>Spanferkelessen in der &#8222;Harmonie&#8220;<\/div>\n<p style=\"text-align: justify;\"><strong>1960er Spanferkelessen<\/strong><br \/>\nGleich nach 1949 hat sich ein Jagdclub der J\u00e4ger und Jagdfreunde unseres Kreises gebildet, dessen historisches Spanferkelessen mit Troph\u00e4enschau und Vortrag in der Harmonie als Ausklang der Jagdperiode gro\u00dfer Beliebtheit erfreute.<\/p>\n<\/div>\n<div>\n<div><img decoding=\"async\" class=\"alignright\" alt=\"Die Harmonie heute\" src=\"http:\/\/www.gesellschaft-harmonie.de\/images\/das_haus.jpg\" \/><\/div>\n<p style=\"text-align: justify;\"><strong>Die &#8222;Harmonie&#8220; heute<\/strong><br \/>\nDas unter Denkmalschutz stehende Geb\u00e4ude der Gesellschaft Harmonie gilt heute nicht nur als eine exzellente Adresse f\u00fcr gesellschaftliche Anl\u00e4sse aller Art in historischem Ambiente, sondern beherbergt auch ein f\u00fcr alle G\u00e4ste ge\u00f6ffnetes Restaurant mit einem gut sortierten Weinkeller.<\/p>\n<p>In Teilen der Homepage &#8222;<a href=\"http:\/\/www.gesellschaft-harmonie.de\" target=\"_blank\">gesellschaft-harmonie.de<\/a>&#8220; entnommen.<\/p>\n<\/div>\n","protected":false},"excerpt":{"rendered":"<p>Gesellschaft Harmonie Die Gilde Alfred Delp trifft sich zu ihren regelm\u00e4\u00dfigen Veranstaltungen in der traditionsreichen Gesellschaft Harmonie am Bochumer Stadtpark. Hier befindet sich auch das \u00e0 la carte-Restaurant Herr B. Die Gesellschaft Harmonie blickt auf eine bewegte Geschichte zur\u00fcck. Das &hellip; <a href=\"https:\/\/gilde-alfred-delp.de\/cms\/beispiel-seite\/cartellversammlung-2013\/orte-2\/gesellschaft-harmonie\/\">Weiterlesen <span class=\"meta-nav\">&rarr;<\/span><\/a><\/p>\n","protected":false},"author":1,"featured_media":0,"parent":211,"menu_order":5,"comment_status":"open","ping_status":"open","template":"showcase.php","meta":{"footnotes":""},"class_list":["post-578","page","type-page","status-publish","hentry"],"_links":{"self":[{"href":"https:\/\/gilde-alfred-delp.de\/cms\/wp-json\/wp\/v2\/pages\/578","targetHints":{"allow":["GET"]}}],"collection":[{"href":"https:\/\/gilde-alfred-delp.de\/cms\/wp-json\/wp\/v2\/pages"}],"about":[{"href":"https:\/\/gilde-alfred-delp.de\/cms\/wp-json\/wp\/v2\/types\/page"}],"author":[{"embeddable":true,"href":"https:\/\/gilde-alfred-delp.de\/cms\/wp-json\/wp\/v2\/users\/1"}],"replies":[{"embeddable":true,"href":"https:\/\/gilde-alfred-delp.de\/cms\/wp-json\/wp\/v2\/comments?post=578"}],"version-history":[{"count":4,"href":"https:\/\/gilde-alfred-delp.de\/cms\/wp-json\/wp\/v2\/pages\/578\/revisions"}],"predecessor-version":[{"id":691,"href":"https:\/\/gilde-alfred-delp.de\/cms\/wp-json\/wp\/v2\/pages\/578\/revisions\/691"}],"up":[{"embeddable":true,"href":"https:\/\/gilde-alfred-delp.de\/cms\/wp-json\/wp\/v2\/pages\/211"}],"wp:attachment":[{"href":"https:\/\/gilde-alfred-delp.de\/cms\/wp-json\/wp\/v2\/media?parent=578"}],"curies":[{"name":"wp","href":"https:\/\/api.w.org\/{rel}","templated":true}]}}