{"id":555,"date":"2013-02-24T14:04:53","date_gmt":"2013-02-24T13:04:53","guid":{"rendered":"http:\/\/gilde-alfred-delp.de\/cms\/?page_id=555"},"modified":"2013-03-04T13:54:02","modified_gmt":"2013-03-04T12:54:02","slug":"ruhr-universitat-bochum","status":"publish","type":"page","link":"https:\/\/gilde-alfred-delp.de\/cms\/beispiel-seite\/cartellversammlung-2013\/orte-2\/ruhr-universitat-bochum\/","title":{"rendered":"Ruhr-Universit\u00e4t Bochum"},"content":{"rendered":"<p><strong>Ruhr-Universit\u00e4t Bochum \/ Kunstsammlung<\/strong><\/p>\n<p style=\"text-align: justify;\">Die <b>Ruhr-Universit\u00e4t Bochum<\/b> (RUB) in <a title=\"Bochum\" href=\"http:\/\/de.wikipedia.org\/wiki\/Bochum\">Bochum<\/a> ist mit \u00fcber 38.500 <a title=\"Student\" href=\"http:\/\/de.wikipedia.org\/wiki\/Student\">Studierenden<\/a> eine der zehn gr\u00f6\u00dften <a title=\"Liste deutscher Hochschulen\" href=\"http:\/\/de.wikipedia.org\/wiki\/Liste_deutscher_Hochschulen\">Universit\u00e4ten<\/a> in <a title=\"Deutschland\" href=\"http:\/\/de.wikipedia.org\/wiki\/Deutschland\">Deutschland<\/a>.<\/p>\n<p style=\"text-align: justify;\">Die Ruhr-Universit\u00e4t geh\u00f6rt zu den forschungsst\u00e4rksten <a title=\"Universit\u00e4t\" href=\"http:\/\/de.wikipedia.org\/wiki\/Universit%C3%A4t\">Universit\u00e4ten<\/a> in Deutschland und befand sich 2007 in der Endrunde der vom Bund gef\u00fchrten <a title=\"Exzellenzinitiative\" href=\"http:\/\/de.wikipedia.org\/wiki\/Exzellenzinitiative\">Exzellenzinitiative<\/a>. Auch 2011 stellte die Ruhr-Universit\u00e4t einen Vollantrag f\u00fcr die Endrunde der Exzellenzinitiative, er wurde nicht zur F\u00f6rderung angenommen.<\/p>\n<p style=\"text-align: justify;\">Bundesweit belegt sie den zweiten Platz in der Liste der DFG-Sonderforschungsbereiche. Im aktuellen DFG-Ranking unter den 40 deutschen Hochschulen mit dem h\u00f6chsten Bewilligungsvolumen f\u00fcr Forschungsvorhaben der Jahre 2002 bis 2004 erreichte sie Rang drei in den Lebenswissenschaften, den neunten Platz in den Ingenieurwissenschaften und Platz 12 in den Naturwissenschaften. Im gesamten Vergleich erzielte die RUB den 15. Platz.<\/p>\n<p style=\"text-align: justify;\"><strong>Kunstsammlung<\/strong><br \/>\nDas Antikenmuseum in den Kunstsammlungen der Ruhr-Universit\u00e4t Bochum stellt mit seinen reichen Best\u00e4nden an griechischen Vasen, griechischen und r\u00f6mischen Portraits, einer gro\u00dfen Sammlung antiker Lampen, einer sehenswerten Zusammenstellung antiker und mittelalterlicher Gl\u00e4ser sowie Terrakotten und Bronzestatuetten die gr\u00f6\u00dfte Sammlung klassischer antiker Kunst im Ruhrgebiet dar.<\/p>\n<p>Das Konzept der Kunstsammlungen der Ruhr-Universit\u00e4t Bochum war von Anfang an so angelegt, dass die Antikensammlung, die zu einem gro\u00dfen Teil auf gro\u00dfz\u00fcgige Stiftungen und Spenden zur\u00fcckgeht, mit der Sammlung Moderne kombiniert und die Kunstwerke der beiden Sammlungen zugleich einander gegen\u00fcbergestellt werden. Somit ergeben sich f\u00fcr die Besucherinnen und Besucher neue interessante Sichtweisen.<\/p>\n<div><a title=\"Zum Vergr\u00f6\u00dfern klicken\" href=\"javascript:void(0)\"><img loading=\"lazy\" decoding=\"async\" class=\"alignright\" alt=\"\" src=\"http:\/\/www.ruhr-uni-bochum.de\/kusa\/webyep-system\/daten\/25-2-im-h-startseite-bild-5028-tn.jpg\" width=\"350\" height=\"254\" \/><\/a><\/div>\n<p>Die gemeinsamen Ausstellungsr\u00e4ume der Antikensammlung und der Sammlung Moderne befinden sich im Untergeschoss der Universit\u00e4tsbibliothek, direkt am Forumsplatz der Ruhr-Universit\u00e4t Bochum in Bochum-Querenburg gegen\u00fcber dem Audimax.<\/p>\n","protected":false},"excerpt":{"rendered":"<p>Ruhr-Universit\u00e4t Bochum \/ Kunstsammlung Die Ruhr-Universit\u00e4t Bochum (RUB) in Bochum ist mit \u00fcber 38.500 Studierenden eine der zehn gr\u00f6\u00dften Universit\u00e4ten in Deutschland. Die Ruhr-Universit\u00e4t geh\u00f6rt zu den forschungsst\u00e4rksten Universit\u00e4ten in Deutschland und befand sich 2007 in der Endrunde der vom &hellip; <a href=\"https:\/\/gilde-alfred-delp.de\/cms\/beispiel-seite\/cartellversammlung-2013\/orte-2\/ruhr-universitat-bochum\/\">Weiterlesen <span class=\"meta-nav\">&rarr;<\/span><\/a><\/p>\n","protected":false},"author":1,"featured_media":0,"parent":211,"menu_order":10,"comment_status":"open","ping_status":"open","template":"showcase.php","meta":{"footnotes":""},"class_list":["post-555","page","type-page","status-publish","hentry"],"_links":{"self":[{"href":"https:\/\/gilde-alfred-delp.de\/cms\/wp-json\/wp\/v2\/pages\/555","targetHints":{"allow":["GET"]}}],"collection":[{"href":"https:\/\/gilde-alfred-delp.de\/cms\/wp-json\/wp\/v2\/pages"}],"about":[{"href":"https:\/\/gilde-alfred-delp.de\/cms\/wp-json\/wp\/v2\/types\/page"}],"author":[{"embeddable":true,"href":"https:\/\/gilde-alfred-delp.de\/cms\/wp-json\/wp\/v2\/users\/1"}],"replies":[{"embeddable":true,"href":"https:\/\/gilde-alfred-delp.de\/cms\/wp-json\/wp\/v2\/comments?post=555"}],"version-history":[{"count":6,"href":"https:\/\/gilde-alfred-delp.de\/cms\/wp-json\/wp\/v2\/pages\/555\/revisions"}],"predecessor-version":[{"id":699,"href":"https:\/\/gilde-alfred-delp.de\/cms\/wp-json\/wp\/v2\/pages\/555\/revisions\/699"}],"up":[{"embeddable":true,"href":"https:\/\/gilde-alfred-delp.de\/cms\/wp-json\/wp\/v2\/pages\/211"}],"wp:attachment":[{"href":"https:\/\/gilde-alfred-delp.de\/cms\/wp-json\/wp\/v2\/media?parent=555"}],"curies":[{"name":"wp","href":"https:\/\/api.w.org\/{rel}","templated":true}]}}