{"id":46,"date":"2012-11-15T14:10:21","date_gmt":"2012-11-15T12:10:21","guid":{"rendered":"http:\/\/gilde-alfred-delp.de\/cms\/?page_id=46"},"modified":"2025-01-05T11:49:00","modified_gmt":"2025-01-05T10:49:00","slug":"vorstand-2013","status":"publish","type":"page","link":"https:\/\/gilde-alfred-delp.de\/cms\/aktuelles\/vorstand-2013\/","title":{"rendered":"Vorstand"},"content":{"rendered":"\n<p><strong>Vorstand (ab 2025)<\/strong><\/p>\n\n\n\n<p>Rolf Giese<br \/> <em>Vorsitzender<\/em><\/p>\n\n\n\n<p>Luidger Wolterhoff<br \/> <em>Stellvertretender Vorsitzender<\/em><\/p>\n\n\n\n<p>Gerhard G\u00f6rdes<br \/> <em>Beisitzer<\/em><\/p>\n\n\n\n<p>Klaus Rohde<br \/> <em>Beisitzer<\/em><\/p>\n\n\n\n<p>Ludwig Mauer<br \/> <em>Schriftf\u00fchrer<\/em><\/p>\n\n\n\n<p>Ferdinand L\u00fctke Daldrup<em><br \/> Schatzmeister<\/em><\/p>\n\n\n\n<p>Christian Mohr<br \/>\n<em>Gildemeister<\/em><\/p>\n\n\n\n<p><\/p>\n","protected":false},"excerpt":{"rendered":"<p>Vorstand (ab 2025) Rolf Giese Vorsitzender Luidger Wolterhoff Stellvertretender Vorsitzender Gerhard G\u00f6rdes Beisitzer Klaus Rohde Beisitzer Ludwig Mauer Schriftf\u00fchrer Ferdinand L\u00fctke Daldrup Schatzmeister Christian Mohr Gildemeister<\/p>\n","protected":false},"author":1,"featured_media":0,"parent":16,"menu_order":2,"comment_status":"open","ping_status":"open","template":"showcase.php","meta":{"footnotes":""},"class_list":["post-46","page","type-page","status-publish","hentry"],"_links":{"self":[{"href":"https:\/\/gilde-alfred-delp.de\/cms\/wp-json\/wp\/v2\/pages\/46","targetHints":{"allow":["GET"]}}],"collection":[{"href":"https:\/\/gilde-alfred-delp.de\/cms\/wp-json\/wp\/v2\/pages"}],"about":[{"href":"https:\/\/gilde-alfred-delp.de\/cms\/wp-json\/wp\/v2\/types\/page"}],"author":[{"embeddable":true,"href":"https:\/\/gilde-alfred-delp.de\/cms\/wp-json\/wp\/v2\/users\/1"}],"replies":[{"embeddable":true,"href":"https:\/\/gilde-alfred-delp.de\/cms\/wp-json\/wp\/v2\/comments?post=46"}],"version-history":[{"count":31,"href":"https:\/\/gilde-alfred-delp.de\/cms\/wp-json\/wp\/v2\/pages\/46\/revisions"}],"predecessor-version":[{"id":1144,"href":"https:\/\/gilde-alfred-delp.de\/cms\/wp-json\/wp\/v2\/pages\/46\/revisions\/1144"}],"up":[{"embeddable":true,"href":"https:\/\/gilde-alfred-delp.de\/cms\/wp-json\/wp\/v2\/pages\/16"}],"wp:attachment":[{"href":"https:\/\/gilde-alfred-delp.de\/cms\/wp-json\/wp\/v2\/media?parent=46"}],"curies":[{"name":"wp","href":"https:\/\/api.w.org\/{rel}","templated":true}]}}