{"id":431,"date":"2013-02-19T13:00:35","date_gmt":"2013-02-19T11:00:35","guid":{"rendered":"http:\/\/gilde-alfred-delp.de\/cms\/?page_id=431"},"modified":"2013-07-11T20:44:14","modified_gmt":"2013-07-11T19:44:14","slug":"jochen-malmsheimer","status":"publish","type":"page","link":"https:\/\/gilde-alfred-delp.de\/cms\/beispiel-seite\/cartellversammlung-2013\/orte\/jochen-malmsheimer\/","title":{"rendered":"Jochen Malmsheimer"},"content":{"rendered":"<p><!-- \/jumpto --><!-- bodycontent --><\/p>\n<div dir=\"ltr\" lang=\"de\"><\/div>\n<div dir=\"ltr\" lang=\"de\" style=\"text-align: justify;\">&#8230;<em>biographischer Abri\u00df des bisher Abgelebten; in Folge der Vitalit\u00e4t des Ausfertigenden verst\u00e4ndlicherweise noch unvollst\u00e4ndig und am Ende daher offen<\/em>&#8230;<\/div>\n<p dir=\"ltr\" lang=\"de\" style=\"text-align: justify;\">Jochen Malmsheimer wurde unter diesem Namen an nur einem Tag im Juli 1961 und in Essen geboren; dies zudem als erstes in einer lockeren Folge \u00e4hnlicher Kinder. Die Mutter war Lehrerin, der Vater zweiunddrei\u00dfig.<\/p>\n<p dir=\"ltr\" lang=\"de\" style=\"text-align: justify;\">Nach bereits sechs Jahren folgt der erste Schulbesuch, der sich kontinuierlich, gegen Ende jedoch mit Verwerfungen, bis zum zwanzigsten Lebensjahr hinzieht. Das anschlie\u00dfende Hochschulstudium der Germanistik und Geschichte wird bereits im 8ten Semester erfolgreich abgebrochen und durch eine Buchh\u00e4ndlerlehre ersetzt, zu beider Frommen.<\/p>\n<p dir=\"ltr\" lang=\"de\" style=\"text-align: justify;\">Bereits w\u00e4hrend der Lehrzeit stellen sich erste Erfahrungen im unterhaltenden Gewerbe, durch starkbierverbr\u00e4mte und -vergoltene Lesungen fremder, aber trotzdem komischer Texte in irisch gepr\u00e4gter Gastronomieumgebung ein, Erfahrungen, die \u00e4hnlichen, w\u00e4hrend der Schulzeit in Theater und Bluesmusik gesammelten, die Hand reichen und dem Wunsche Nahrung geben, andere an der eigenen Befindlichkeit enger und h\u00e4ufiger teilhaftig werden zu lassen, als dies im Buchhandel m\u00f6glich scheint. Auch die Chance, die aus solchen Bem\u00fchungen resultierende Naturalentlohnung in eine aus Devisen, die den Vergleich mit dem Buchh\u00e4ndlersal\u00e4r nicht zu scheuen braucht, zu l\u00e4utern, schmiedet diesen Plan zum Entschlu\u00df. Dies f\u00fchrt direkt zu &#8222;Tresenlesen&#8220; und damit dann aus der Kneipe auf die B\u00fchne was ein gerade auch f\u00fcr die Gesundheit wichtiger Schritt war.<img loading=\"lazy\" decoding=\"async\" class=\"alignleft\" alt=\"Durst\" src=\"http:\/\/www.jochenmalmsheimer.de\/tl_files\/fotos\/durst.jpg\" width=\"175\" height=\"218\" \/><\/p>\n<p dir=\"ltr\" lang=\"de\" style=\"text-align: justify;\">Nach 8 Jahren erfolgreichen, preisgew\u00fcrzten kabarettistischen Arbeitens im Rahmen von &#8222;Tresenlesen&#8220; ist Jochen Malmsheimer seit dem Jahre 2000 nun solistisch im Einsatz, was keinerlei Beschr\u00e4nkungen, aber um so mehr Freiheiten mit sich bringt.<\/p>\n<p dir=\"ltr\" lang=\"de\" style=\"text-align: justify;\">Als direkte zwingende Folge dieser Solitur entsteht im September AD 2000 folgerichtig das erste Solit\u00e4rprogramm \u201eWenn Worte reden k\u00f6nnten oder 14 Tage im Leben einer Stunde\u201c, welches von nun an seinen Siegeszug rund um die deutschsprachigen B\u00fchnen des Ruhrgebietes und dar\u00fcber hinaus anzutreten sich anschickt und dem bis heute sechs weitere mit \u00e4hnlich schwer zu merkenden Titeln folgten. Zudem geben Rundfunkanstalten jeglicher Couleur Jochen Malmsheimer dankenswerterweise seit jeher die Gelegenheit zu ernsthafter k\u00fcnstlerischer Auseinandersetzung mit Realit\u00e4t und Fiktion, welche, solange es Rundfunk, Realit\u00e4t und Fiktion noch gibt, weitere Fr\u00fcchte tragen soll und damit wird. Ja, inzwischen winkt Jochen Malmsheimer sogar bisweilen aus dem Fernsehen, das aber bewu\u00dft selten und mit echter Freude nur aus den Fenstern jener hochgeschlo\u00dfenen Anstalt, in die er seinerzeit zu seiner Zeit mit Urban Priol als medizinischem Leiter und zun\u00e4chst Georg Schramm und dann\u00a0Erwin Pelzig\u00a0als Sprecher aller Patienten eingeliefert zu werden die \u00fcbergro\u00dfe Freude besa\u00df und noch besitzt.<\/p>\n<p dir=\"ltr\" lang=\"de\" style=\"text-align: justify;\">Und sonst passiert auch noch jede Menge.<br \/>\nAlles Weitere dann lieber m\u00fcndlich, so Sie wollen.<br \/>\nSie sollen\u00a0ihn kennenlernen.<\/p>\n<p dir=\"ltr\" lang=\"de\">Jochen Malmsheimer ist u.a.Tr\u00e4ger<br \/>\n&#8211; des Prix Pantheon (2007)<br \/>\n&#8211; des Deutschen Kleinkunstpreises (2009)<br \/>\n&#8211; des Deutschen Kabarettpreises (2009)<br \/>\n&#8211; des Bayerischen Kabarettpreises (2012)<\/p>\n<p dir=\"ltr\" lang=\"de\">Soloprogramme<br \/>\n&#8211; <em>Wenn Worte reden k\u00f6nnten oder 14 Tage im Leben einer Stunde (2000)<br \/>\n<\/em>&#8211; <em>Oh, Pannenbaum (2000)<br \/>\n<\/em>&#8211; <em>Halt mal, Schatz (2001)<br \/>\n<\/em>&#8211;\u00a0<em>Sack, eine Revue<\/em>, Programm mit Texten von <em>Tresenlesen (<\/em>2002)<br \/>\n&#8211;\u00a0<em>Ich bin kein Tag f\u00fcr eine Nacht oder ein Abend in Holz (2003)<br \/>\n<\/em>&#8211; <em>Flieg Fisch, lies und gesunde! oder: Gl\u00fcck, wo ist Dein Stachel? (2008)<br \/>\n<\/em>&#8211; <em>Ermpftschnuggn tr\u00f8d\u00e5! &#8211; hinterm Staunen kauert die Frappanz (2012)<\/em><\/p>\n","protected":false},"excerpt":{"rendered":"<p>&#8230;biographischer Abri\u00df des bisher Abgelebten; in Folge der Vitalit\u00e4t des Ausfertigenden verst\u00e4ndlicherweise noch unvollst\u00e4ndig und am Ende daher offen&#8230; Jochen Malmsheimer wurde unter diesem Namen an nur einem Tag im Juli 1961 und in Essen geboren; dies zudem als erstes &hellip; <a href=\"https:\/\/gilde-alfred-delp.de\/cms\/beispiel-seite\/cartellversammlung-2013\/orte\/jochen-malmsheimer\/\">Weiterlesen <span class=\"meta-nav\">&rarr;<\/span><\/a><\/p>\n","protected":false},"author":1,"featured_media":0,"parent":75,"menu_order":4,"comment_status":"open","ping_status":"open","template":"showcase.php","meta":{"footnotes":""},"class_list":["post-431","page","type-page","status-publish","hentry"],"_links":{"self":[{"href":"https:\/\/gilde-alfred-delp.de\/cms\/wp-json\/wp\/v2\/pages\/431","targetHints":{"allow":["GET"]}}],"collection":[{"href":"https:\/\/gilde-alfred-delp.de\/cms\/wp-json\/wp\/v2\/pages"}],"about":[{"href":"https:\/\/gilde-alfred-delp.de\/cms\/wp-json\/wp\/v2\/types\/page"}],"author":[{"embeddable":true,"href":"https:\/\/gilde-alfred-delp.de\/cms\/wp-json\/wp\/v2\/users\/1"}],"replies":[{"embeddable":true,"href":"https:\/\/gilde-alfred-delp.de\/cms\/wp-json\/wp\/v2\/comments?post=431"}],"version-history":[{"count":11,"href":"https:\/\/gilde-alfred-delp.de\/cms\/wp-json\/wp\/v2\/pages\/431\/revisions"}],"predecessor-version":[{"id":441,"href":"https:\/\/gilde-alfred-delp.de\/cms\/wp-json\/wp\/v2\/pages\/431\/revisions\/441"}],"up":[{"embeddable":true,"href":"https:\/\/gilde-alfred-delp.de\/cms\/wp-json\/wp\/v2\/pages\/75"}],"wp:attachment":[{"href":"https:\/\/gilde-alfred-delp.de\/cms\/wp-json\/wp\/v2\/media?parent=431"}],"curies":[{"name":"wp","href":"https:\/\/api.w.org\/{rel}","templated":true}]}}