{"id":332,"date":"2012-11-23T20:48:51","date_gmt":"2012-11-23T18:48:51","guid":{"rendered":"http:\/\/gilde-alfred-delp.de\/cms\/?page_id=332"},"modified":"2013-02-18T13:56:47","modified_gmt":"2013-02-18T11:56:47","slug":"organisationskommittee","status":"publish","type":"page","link":"https:\/\/gilde-alfred-delp.de\/cms\/beispiel-seite\/cartellversammlung-2013\/organisationskommittee\/","title":{"rendered":"Organisationskomitee"},"content":{"rendered":"<p>Gerhard G\u00f6rdes<br \/>\nLudger Viefhues<br \/>\nFerdinand L\u00fctke Daldrup<br \/>\nJosef Schneiders<\/p>\n<p>Klaus Dehmer<br \/>\nG\u00fcnter Fronh\u00f6fer<br \/>\nHans Michael Hornberg<br \/>\nAlexander Mauer<br \/>\nKlaus Rohde<\/p>\n<p>&nbsp;<\/p>\n","protected":false},"excerpt":{"rendered":"<p>Gerhard G\u00f6rdes Ludger Viefhues Ferdinand L\u00fctke Daldrup Josef Schneiders Klaus Dehmer G\u00fcnter Fronh\u00f6fer Hans Michael Hornberg Alexander Mauer Klaus Rohde &nbsp;<\/p>\n","protected":false},"author":1,"featured_media":0,"parent":20,"menu_order":5,"comment_status":"open","ping_status":"open","template":"showcase.php","meta":{"footnotes":""},"class_list":["post-332","page","type-page","status-publish","hentry"],"_links":{"self":[{"href":"https:\/\/gilde-alfred-delp.de\/cms\/wp-json\/wp\/v2\/pages\/332","targetHints":{"allow":["GET"]}}],"collection":[{"href":"https:\/\/gilde-alfred-delp.de\/cms\/wp-json\/wp\/v2\/pages"}],"about":[{"href":"https:\/\/gilde-alfred-delp.de\/cms\/wp-json\/wp\/v2\/types\/page"}],"author":[{"embeddable":true,"href":"https:\/\/gilde-alfred-delp.de\/cms\/wp-json\/wp\/v2\/users\/1"}],"replies":[{"embeddable":true,"href":"https:\/\/gilde-alfred-delp.de\/cms\/wp-json\/wp\/v2\/comments?post=332"}],"version-history":[{"count":3,"href":"https:\/\/gilde-alfred-delp.de\/cms\/wp-json\/wp\/v2\/pages\/332\/revisions"}],"predecessor-version":[{"id":383,"href":"https:\/\/gilde-alfred-delp.de\/cms\/wp-json\/wp\/v2\/pages\/332\/revisions\/383"}],"up":[{"embeddable":true,"href":"https:\/\/gilde-alfred-delp.de\/cms\/wp-json\/wp\/v2\/pages\/20"}],"wp:attachment":[{"href":"https:\/\/gilde-alfred-delp.de\/cms\/wp-json\/wp\/v2\/media?parent=332"}],"curies":[{"name":"wp","href":"https:\/\/api.w.org\/{rel}","templated":true}]}}