{"id":264,"date":"2012-11-18T11:05:08","date_gmt":"2012-11-18T09:05:08","guid":{"rendered":"http:\/\/gilde-alfred-delp.de\/cms\/?page_id=264"},"modified":"2013-02-24T13:11:23","modified_gmt":"2013-02-24T12:11:23","slug":"prior-pater-primin","status":"publish","type":"page","link":"https:\/\/gilde-alfred-delp.de\/cms\/beispiel-seite\/cartellversammlung-2013\/orte\/prior-pater-primin\/","title":{"rendered":"Prior Pater Pirmin Holzschuh OCist"},"content":{"rendered":"<p style=\"text-align: justify;\">Pater Pirmin Johannes Holzschuh OCist (* 10. April 1968 in Illertissen, Bayern) ist ein deutsch-\u00f6sterreichischer Priesterm\u00f6nch. Er ist seit 2011 Prior des Klosters Stiepel.<img loading=\"lazy\" decoding=\"async\" class=\"alignright\" style=\"border: 0px;\" alt=\"\" src=\"http:\/\/upload.wikimedia.org\/wikipedia\/commons\/9\/96\/Pirmin_Holzschuh.png\" width=\"161\" height=\"210\" \/><\/p>\n<p style=\"text-align: justify;\">Die oberschw\u00e4bische Heimat von Pirmin Holzschuh waren die Kreuth\u00f6fe, ein Ortsteil von Dietenheim. Er wuchs auf dem landwirtschaftlichen Anwesen seiner Eltern als drittes von f\u00fcnf Kindern auf. Nach der Schule machte er eine Ausbildung zum Tischler und zum Kaufmann in der Holzindustrie. Nach zw\u00f6lfj\u00e4hriger Berufst\u00e4tigkeit folgte 1997 der Eintritt in das Sp\u00e4tberufenenseminar St. Pirmin in Sasbach in der Ortenau. 2001 kam er zu den Zisterziensern nach Heiligenkreuz und studierte Katholische Theologie und Philosophie an der Philosophisch-Theologische Hochschule Benedikt XVI.. 2006 legte er die Feierliche Profess ab. 2008 spendete ihm Kardinal Christoph Sch\u00f6nborn die Priesterweihe. Holzschuh wirkte zun\u00e4chst mehrere Jahre als Gastmeister des Stiftes und Kirchenrektor in Siegenfeld. 2009 bestellte ihn Abt Gregor Henckel-Donnersmarck zum Direktor des \u00fcberdi\u00f6zesanen Priesterseminars Leopoldinum in Heiligenkreuz. Im Jahre 2011 erfolgte die Ernennung zum Prior des Tochterklosters in Bochum-Stiepel durch Abt Maximilian Heim.<\/p>\n<p style=\"text-align: justify;\">wikipedia<\/p>\n","protected":false},"excerpt":{"rendered":"<p>Pater Pirmin Johannes Holzschuh OCist (* 10. April 1968 in Illertissen, Bayern) ist ein deutsch-\u00f6sterreichischer Priesterm\u00f6nch. Er ist seit 2011 Prior des Klosters Stiepel. Die oberschw\u00e4bische Heimat von Pirmin Holzschuh waren die Kreuth\u00f6fe, ein Ortsteil von Dietenheim. Er wuchs auf &hellip; <a href=\"https:\/\/gilde-alfred-delp.de\/cms\/beispiel-seite\/cartellversammlung-2013\/orte\/prior-pater-primin\/\">Weiterlesen <span class=\"meta-nav\">&rarr;<\/span><\/a><\/p>\n","protected":false},"author":1,"featured_media":0,"parent":75,"menu_order":2,"comment_status":"open","ping_status":"open","template":"showcase.php","meta":{"footnotes":""},"class_list":["post-264","page","type-page","status-publish","hentry"],"_links":{"self":[{"href":"https:\/\/gilde-alfred-delp.de\/cms\/wp-json\/wp\/v2\/pages\/264","targetHints":{"allow":["GET"]}}],"collection":[{"href":"https:\/\/gilde-alfred-delp.de\/cms\/wp-json\/wp\/v2\/pages"}],"about":[{"href":"https:\/\/gilde-alfred-delp.de\/cms\/wp-json\/wp\/v2\/types\/page"}],"author":[{"embeddable":true,"href":"https:\/\/gilde-alfred-delp.de\/cms\/wp-json\/wp\/v2\/users\/1"}],"replies":[{"embeddable":true,"href":"https:\/\/gilde-alfred-delp.de\/cms\/wp-json\/wp\/v2\/comments?post=264"}],"version-history":[{"count":10,"href":"https:\/\/gilde-alfred-delp.de\/cms\/wp-json\/wp\/v2\/pages\/264\/revisions"}],"predecessor-version":[{"id":534,"href":"https:\/\/gilde-alfred-delp.de\/cms\/wp-json\/wp\/v2\/pages\/264\/revisions\/534"}],"up":[{"embeddable":true,"href":"https:\/\/gilde-alfred-delp.de\/cms\/wp-json\/wp\/v2\/pages\/75"}],"wp:attachment":[{"href":"https:\/\/gilde-alfred-delp.de\/cms\/wp-json\/wp\/v2\/media?parent=264"}],"curies":[{"name":"wp","href":"https:\/\/api.w.org\/{rel}","templated":true}]}}