{"id":235,"date":"2012-11-15T18:40:38","date_gmt":"2012-11-15T16:40:38","guid":{"rendered":"http:\/\/gilde-alfred-delp.de\/cms\/?page_id=235"},"modified":"2013-03-04T14:04:14","modified_gmt":"2013-03-04T13:04:14","slug":"starlight-express","status":"publish","type":"page","link":"https:\/\/gilde-alfred-delp.de\/cms\/beispiel-seite\/cartellversammlung-2013\/orte-2\/starlight-express\/","title":{"rendered":"Starlight Express"},"content":{"rendered":"<p><strong>Starlight Express<\/strong><\/p>\n<p style=\"text-align: justify;\"><b>Starlight Express<\/b> ist ein Musical mit der Musik von <a title=\"Andrew Lloyd Webber\" href=\"http:\/\/de.wikipedia.org\/wiki\/Andrew_Lloyd_Webber\">Andrew Lloyd Webber<\/a> und Texten von <a title=\"Richard Stilgoe\" href=\"http:\/\/de.wikipedia.org\/wiki\/Richard_Stilgoe\">Richard Stilgoe<\/a>. Es basiert auf den <i>Railway Series<\/i> von Wilbert Vere Awdry und der Geschichte <i>The Little Engine That Could<\/i> von Watty Piper. Die Urauff\u00fchrung fand am 27. M\u00e4rz 1984 im <i>Apollo Victoria Theatre<\/i> in London statt, die Broadway-Premiere war am 15. M\u00e4rz 1987 im <i>Gershwin Theatre<\/i> in New York. Alle S\u00e4nger und Darsteller des Musical treten auf Rollschuhen auf.<\/p>\n<p style=\"text-align: justify;\">Die deutschsprachige Urauff\u00fchrung (\u00dcbersetzung <i>Sabine Grohmann<\/i>) fand in der eigens daf\u00fcr gebauten Starlighthalle am 12. Juni 1988 in Bochum statt. Die Starlighthalle \u2013 oder auch <i>Starlight-Express-Theater<\/i> genannt \u2013 wird mittlerweile unter der Federf\u00fchrung von Produzent Maik Klokow als Gesch\u00e4ftsf\u00fchrer der <i>Mehr! Entertainment GmbH<\/i> aus D\u00fcsseldorf \u00fcber die <i>Starlight Express GmbH<\/i> betrieben; der <i>Starlight Express<\/i> wird damit in Bochum aktuell seit \u00fcber 24 Jahren aufgef\u00fchrt.<\/p>\n<p style=\"text-align: justify;\">1988 entstand mit dem Theater erstmals ein Geb\u00e4ude, in dem ausschlie\u00dflich ein St\u00fcck aufgef\u00fchrt werden sollte. Dies sowie die kurze Bauzeit von knapp einem Jahr wurden mit einem Eintrag im Guinness-Buch der Rekorde belohnt. Der Bau kostete rund 24 Millionen Mark. Vor dem Theater befindet sich die Nostalgie-Lok, eine <a title=\"Hibernia\" href=\"http:\/\/de.wikipedia.org\/wiki\/Hibernia\">Hibernia<\/a> 41E. Die vom <a title=\"Eisenbahnmuseum\" href=\"http:\/\/gilde-alfred-delp.de\/cms\/cartellversammlung-2013\/orte-2\/eisenbahnmuseum\/\">Eisenbahnmuseum Bochum-Dahlhausen <\/a>zur Verf\u00fcgung gestellte Lok hat bereits zur Premiere 1988 vor dem Musicaltheater Station gemacht und bekam zum 12. Geburtstag der Rollschuhshow einen festen Platz vor dem Theater.<\/p>\n<p><a href=\"http:\/\/www.starlight-express.de\/\">http:\/\/www.starlight-express.de\/<\/a><\/p>\n","protected":false},"excerpt":{"rendered":"<p>Starlight Express Starlight Express ist ein Musical mit der Musik von Andrew Lloyd Webber und Texten von Richard Stilgoe. Es basiert auf den Railway Series von Wilbert Vere Awdry und der Geschichte The Little Engine That Could von Watty Piper. &hellip; <a href=\"https:\/\/gilde-alfred-delp.de\/cms\/beispiel-seite\/cartellversammlung-2013\/orte-2\/starlight-express\/\">Weiterlesen <span class=\"meta-nav\">&rarr;<\/span><\/a><\/p>\n","protected":false},"author":1,"featured_media":0,"parent":211,"menu_order":16,"comment_status":"open","ping_status":"open","template":"showcase.php","meta":{"footnotes":""},"class_list":["post-235","page","type-page","status-publish","hentry"],"_links":{"self":[{"href":"https:\/\/gilde-alfred-delp.de\/cms\/wp-json\/wp\/v2\/pages\/235","targetHints":{"allow":["GET"]}}],"collection":[{"href":"https:\/\/gilde-alfred-delp.de\/cms\/wp-json\/wp\/v2\/pages"}],"about":[{"href":"https:\/\/gilde-alfred-delp.de\/cms\/wp-json\/wp\/v2\/types\/page"}],"author":[{"embeddable":true,"href":"https:\/\/gilde-alfred-delp.de\/cms\/wp-json\/wp\/v2\/users\/1"}],"replies":[{"embeddable":true,"href":"https:\/\/gilde-alfred-delp.de\/cms\/wp-json\/wp\/v2\/comments?post=235"}],"version-history":[{"count":6,"href":"https:\/\/gilde-alfred-delp.de\/cms\/wp-json\/wp\/v2\/pages\/235\/revisions"}],"predecessor-version":[{"id":709,"href":"https:\/\/gilde-alfred-delp.de\/cms\/wp-json\/wp\/v2\/pages\/235\/revisions\/709"}],"up":[{"embeddable":true,"href":"https:\/\/gilde-alfred-delp.de\/cms\/wp-json\/wp\/v2\/pages\/211"}],"wp:attachment":[{"href":"https:\/\/gilde-alfred-delp.de\/cms\/wp-json\/wp\/v2\/media?parent=235"}],"curies":[{"name":"wp","href":"https:\/\/api.w.org\/{rel}","templated":true}]}}