{"id":216,"date":"2012-11-15T18:31:19","date_gmt":"2012-11-15T16:31:19","guid":{"rendered":"http:\/\/gilde-alfred-delp.de\/cms\/?page_id=216"},"modified":"2013-03-04T13:19:42","modified_gmt":"2013-03-04T12:19:42","slug":"kunstmuseum","status":"publish","type":"page","link":"https:\/\/gilde-alfred-delp.de\/cms\/beispiel-seite\/cartellversammlung-2013\/orte-2\/kunstmuseum\/","title":{"rendered":"Kunstmuseum Bochum"},"content":{"rendered":"<p><strong>Kunstmuseum Bochum<\/strong><\/p>\n<p style=\"text-align: justify;\">Das <strong>Kunstmuseum Bochum<\/strong> (ehem. Museum Bochum \u2013 Kunstsammlung) wurde 1960 in der <b>Villa Marckhoff-Rosenstein<\/b> er\u00f6ffnet und durch einen Neubau der d\u00e4nischen Architekten <a title=\"J\u00f8rgen Bo\" href=\"http:\/\/de.wikipedia.org\/wiki\/J%C3%B8rgen_Bo\">J\u00f8rgen Bo<\/a> und <a title=\"Vilhelm Wohlert\" href=\"http:\/\/de.wikipedia.org\/wiki\/Vilhelm_Wohlert\">Vilhelm Wohlert<\/a> im Jahre 1983 erweitert. Die Sammlung umfasst Kunstwerke aus dem 20. Jahrhundert, unter anderen von <a title=\"Francis Bacon (Maler)\" href=\"http:\/\/de.wikipedia.org\/wiki\/Francis_Bacon_(Maler)\">Francis Bacon<\/a> oder <a title=\"Roberto Matta\" href=\"http:\/\/de.wikipedia.org\/wiki\/Roberto_Matta\">Roberto Matta<\/a>.<img decoding=\"async\" class=\"alignright\" alt=\"\" src=\"http:\/\/www.bochum.de\/C12571A3001D56CE\/vwContentByKey\/W27ZWAZJ924BOLDDE\/$FILE\/02bskyline.jpg\" \/><\/p>\n<p style=\"text-align: justify;\">Die Doppelvilla Marckhoff-Rosenstein wurde 1900 im Stil des Historismus erbaut und lange Zeit von den einflussreichen Familien Rosenstein und Marckhoff bewohnt. Gemeinhin wird gesagt, dass die Fassade der Villa in ihrem Kompositionsschema der (alten) Pariser Oper, der sog. Op\u00e9ra Garnier, nachempfunden sei. Tats\u00e4chlich ist der Bau in Ausf\u00fchrung und Formensprache eng verwandt mit dem von Hermann Otto Pflaume erbauten Bankgeb\u00e4ude des Schaaffhausen&#8217;schen Bankvereins in K\u00f6ln (1860-1863). W\u00e4hrend des Zweiten Weltkriegs erlitt die Villa starke Sch\u00e4den, wurde aber schon bald instandgesetzt. Um 1960 wurde das Geb\u00e4ude von der Stadt erworben.<\/p>\n<p style=\"text-align: justify;\">Der nach dem Krieg neu errichtete Dachstuhl belastet die Au\u00dfenw\u00e4nde zu sehr. Im Februar 2003 rief die Bochumer <a title=\"Privatbrauerei Moritz Fiege\" href=\"http:\/\/de.wikipedia.org\/wiki\/Privatbrauerei_Moritz_Fiege\">Privatbrauerei Moritz Fiege<\/a> die \u201eInitiative Villa Marckhoff\u201c zur Sanierung der Fassade ins Leben.<\/p>\n<p style=\"text-align: justify;\">Gegen\u00fcber dem Museum befindet sich der <a title=\"Stadtpark Bochum\" href=\"http:\/\/de.wikipedia.org\/wiki\/Stadtpark_Bochum\">Bochumer Stadtpark<\/a> mit Kunstobjekten aus Stahl.<\/p>\n","protected":false},"excerpt":{"rendered":"<p>Kunstmuseum Bochum Das Kunstmuseum Bochum (ehem. Museum Bochum \u2013 Kunstsammlung) wurde 1960 in der Villa Marckhoff-Rosenstein er\u00f6ffnet und durch einen Neubau der d\u00e4nischen Architekten J\u00f8rgen Bo und Vilhelm Wohlert im Jahre 1983 erweitert. Die Sammlung umfasst Kunstwerke aus dem 20. &hellip; <a href=\"https:\/\/gilde-alfred-delp.de\/cms\/beispiel-seite\/cartellversammlung-2013\/orte-2\/kunstmuseum\/\">Weiterlesen <span class=\"meta-nav\">&rarr;<\/span><\/a><\/p>\n","protected":false},"author":1,"featured_media":0,"parent":211,"menu_order":13,"comment_status":"open","ping_status":"open","template":"showcase.php","meta":{"footnotes":""},"class_list":["post-216","page","type-page","status-publish","hentry"],"_links":{"self":[{"href":"https:\/\/gilde-alfred-delp.de\/cms\/wp-json\/wp\/v2\/pages\/216","targetHints":{"allow":["GET"]}}],"collection":[{"href":"https:\/\/gilde-alfred-delp.de\/cms\/wp-json\/wp\/v2\/pages"}],"about":[{"href":"https:\/\/gilde-alfred-delp.de\/cms\/wp-json\/wp\/v2\/types\/page"}],"author":[{"embeddable":true,"href":"https:\/\/gilde-alfred-delp.de\/cms\/wp-json\/wp\/v2\/users\/1"}],"replies":[{"embeddable":true,"href":"https:\/\/gilde-alfred-delp.de\/cms\/wp-json\/wp\/v2\/comments?post=216"}],"version-history":[{"count":8,"href":"https:\/\/gilde-alfred-delp.de\/cms\/wp-json\/wp\/v2\/pages\/216\/revisions"}],"predecessor-version":[{"id":686,"href":"https:\/\/gilde-alfred-delp.de\/cms\/wp-json\/wp\/v2\/pages\/216\/revisions\/686"}],"up":[{"embeddable":true,"href":"https:\/\/gilde-alfred-delp.de\/cms\/wp-json\/wp\/v2\/pages\/211"}],"wp:attachment":[{"href":"https:\/\/gilde-alfred-delp.de\/cms\/wp-json\/wp\/v2\/media?parent=216"}],"curies":[{"name":"wp","href":"https:\/\/api.w.org\/{rel}","templated":true}]}}