{"id":20,"date":"2012-11-10T19:03:44","date_gmt":"2012-11-10T17:03:44","guid":{"rendered":"http:\/\/gilde-alfred-delp.de\/cms\/?page_id=20"},"modified":"2020-01-22T19:03:18","modified_gmt":"2020-01-22T18:03:18","slug":"cartellversammlung-2013","status":"publish","type":"page","link":"https:\/\/gilde-alfred-delp.de\/cms\/beispiel-seite\/cartellversammlung-2013\/","title":{"rendered":"Cartellversammlung 2013"},"content":{"rendered":"<p style=\"text-align: justify;\">Liebe Freundinnen und Freunde, verehrte G\u00e4ste,<\/p>\n<p style=\"text-align: justify;\">im Namen der Gilde Alfred Delp und des Carells Rupert Mayer laden wir Sie herzlich zur diesj\u00e4hrigen Cartellversammlung nach Bochum ein.<\/p>\n<p style=\"text-align: justify;\">Unser Treffen steht unter dem Motto &#8222;Aggiornamento compiuto?&#8220;.<br \/>\nEs ist an den Aufruf Johannes XXIII zum Vaticanum II angelehnt, dessen Beginn sich seit der letzten Cartellversammlung zum 50.&nbsp;Mal j\u00e4hrte. Dieses bisher letzte Konzil unserer Kirche verstand sich als pastorales Ereignis f\u00fcr die ganze Kirche am \u00dcbergang in ein neues Zeitalter. Im Mittelpunkt stand die Fragestellung, wie das Evangelium in heutiger Zeit verwirklicht werden k\u00f6nne: Wie kann&nbsp;die Wahrheit des Glaubens Ausdruck und Anwendung im Leben des heutigen Menschen finden?<br \/>\nDer Begriff &#8222;Aggiornamento&#8220; l\u00e4\u00dft sich in diesem Zusammenhang etwa mit &#8222;Verheutigung&#8220; oder &#8222;Vergegenw\u00e4rtigung&#8220; ins Deutsche \u00fcbersetzen, w\u00e4hrend &#8222;compiuto&#8220; &#8222;vollendet&#8220; bedeutet. Hierin kommt zum Ausdruck, dass die gefundenen Antworten sich am nicht-statischen &#8222;Heute&#8220; bemessen, wobei die besonderen Herausforderungen&nbsp;darin liegen, einerseits der gesellschaftlichen und kulturellen Dynamik Rechenschaft zu tragen, um die Menschen zu erreichen, andererseits aber nicht zeitgeistlich forsch die Botschaft des Evangeliums zu verw\u00e4ssern. Diese Herausforderung stellt sich nicht nur der Kirche, sondern auch uns im Cartell. Insofern wird der Festvortrag Prof. Dr. Pottmeyers &#8222;Johannes XXIII &#8211; der Papst des konziliaren Aufbruchs&#8220; ein besonderer H\u00f6hepunkt unseres Miteinanders sein.<br \/>\nWir laden Sie nach Bochum ein, ins Herz des Ruhrgebietes, welchem es seit einiger Zeit so schwer f\u00e4llt, positive Schlagzeilen zu erzeugen. Aber wir, die Menschen, die hier leben, lieben es und verstehen uns als stolze Botschafter einer Stadt und einer Region, die weit mehr zu bieten hat als den romantisierenden Blick zur\u00fcck auf Errungenschaften aus dem Zeitalter von Kohle und Stahl. Dies findet Ausdruck in den &#8222;Spuren&#8220;, die wir im Rahmenprogramm anbieten.<\/p>\n<p>Kommt uns besuchen und bringt Eure Familie mit.<\/p>\n<p>Mit freundschaftlichem Gl\u00fcckauf<\/p>\n<p><em>Gerhard G\u00f6rdes&nbsp;&nbsp;&nbsp;&nbsp;&nbsp;&nbsp;&nbsp;&nbsp;&nbsp;&nbsp;&nbsp;&nbsp;&nbsp;&nbsp;&nbsp;&nbsp;&nbsp;&nbsp;&nbsp;&nbsp;&nbsp;&nbsp;&nbsp;&nbsp;&nbsp;&nbsp;&nbsp;&nbsp;&nbsp;&nbsp;&nbsp;&nbsp;&nbsp;&nbsp;&nbsp;&nbsp;&nbsp;&nbsp;&nbsp;&nbsp; Dr. J\u00fcrgen Fiedler<\/em><br \/>\nGilde Alfred Delp&nbsp;&nbsp;&nbsp;&nbsp;&nbsp;&nbsp;&nbsp;&nbsp;&nbsp;&nbsp;&nbsp;&nbsp;&nbsp;&nbsp;&nbsp;&nbsp;&nbsp;&nbsp;&nbsp;&nbsp;&nbsp;&nbsp;&nbsp;&nbsp;&nbsp;&nbsp;&nbsp;&nbsp;&nbsp;&nbsp;&nbsp;&nbsp;&nbsp;&nbsp;&nbsp;&nbsp;&nbsp;&nbsp;&nbsp; Cartell Rupert Mayer<\/p>\n<p>Klicken Sie auf die Begriffe, um&nbsp;auf die &nbsp;Themenseiten zu kommen:<\/p>\n<p><a title=\"Bilder der Cartellversammlung\" href=\"http:\/\/gilde-alfred-delp.de\/cms\/cartellversammlung-2013\/bilder-der-cartellversammlung\/\">Bilder der Cartellversammlung 2013<\/a><br \/>\n<a title=\"Programm\" href=\"http:\/\/gilde-alfred-delp.de\/cms\/cartellversammlung-2013\/programm\/\">Programm<\/a><br \/>\n<a title=\"Anmeldung\" href=\"http:\/\/gilde-alfred-delp.de\/cms\/cartellversammlung-2013\/anmeldung\/\">Anmeldung<\/a><br \/>\n<a title=\"Menschen\" href=\"http:\/\/gilde-alfred-delp.de\/cms\/cartellversammlung-2013\/orte\/\">Menschen<\/a><br \/>\n<a title=\"Orte\" href=\"http:\/\/gilde-alfred-delp.de\/cms\/cartellversammlung-2013\/orte-2\/\">Orte<\/a><br \/>\n<a title=\"Hotels\" href=\"http:\/\/gilde-alfred-delp.de\/cms\/cartellversammlung-2013\/hotels\/\">Hotels<\/a><br \/>\n<a title=\"Organisationskomitee\" href=\"http:\/\/gilde-alfred-delp.de\/cms\/cartellversammlung-2013\/organisationskommittee\/\">Organisationskomitee<\/a><br \/>\n<a title=\"Partner\" href=\"http:\/\/gilde-alfred-delp.de\/cms\/cartellversammlung-2013\/partner\/\">Partner<\/a><\/p>\n<p>&nbsp;<\/p>\n<p>&nbsp;<\/p>\n","protected":false},"excerpt":{"rendered":"<p>Liebe Freundinnen und Freunde, verehrte G\u00e4ste, im Namen der Gilde Alfred Delp und des Carells Rupert Mayer laden wir Sie herzlich zur diesj\u00e4hrigen Cartellversammlung nach Bochum ein. Unser Treffen steht unter dem Motto &#8222;Aggiornamento compiuto?&#8220;. Es ist an den Aufruf &hellip; <a href=\"https:\/\/gilde-alfred-delp.de\/cms\/beispiel-seite\/cartellversammlung-2013\/\">Weiterlesen <span class=\"meta-nav\">&rarr;<\/span><\/a><\/p>\n","protected":false},"author":1,"featured_media":0,"parent":2,"menu_order":4,"comment_status":"open","ping_status":"open","template":"showcase.php","meta":{"footnotes":""},"class_list":["post-20","page","type-page","status-publish","hentry"],"_links":{"self":[{"href":"https:\/\/gilde-alfred-delp.de\/cms\/wp-json\/wp\/v2\/pages\/20","targetHints":{"allow":["GET"]}}],"collection":[{"href":"https:\/\/gilde-alfred-delp.de\/cms\/wp-json\/wp\/v2\/pages"}],"about":[{"href":"https:\/\/gilde-alfred-delp.de\/cms\/wp-json\/wp\/v2\/types\/page"}],"author":[{"embeddable":true,"href":"https:\/\/gilde-alfred-delp.de\/cms\/wp-json\/wp\/v2\/users\/1"}],"replies":[{"embeddable":true,"href":"https:\/\/gilde-alfred-delp.de\/cms\/wp-json\/wp\/v2\/comments?post=20"}],"version-history":[{"count":27,"href":"https:\/\/gilde-alfred-delp.de\/cms\/wp-json\/wp\/v2\/pages\/20\/revisions"}],"predecessor-version":[{"id":995,"href":"https:\/\/gilde-alfred-delp.de\/cms\/wp-json\/wp\/v2\/pages\/20\/revisions\/995"}],"up":[{"embeddable":true,"href":"https:\/\/gilde-alfred-delp.de\/cms\/wp-json\/wp\/v2\/pages\/2"}],"wp:attachment":[{"href":"https:\/\/gilde-alfred-delp.de\/cms\/wp-json\/wp\/v2\/media?parent=20"}],"curies":[{"name":"wp","href":"https:\/\/api.w.org\/{rel}","templated":true}]}}