{"id":190,"date":"2012-11-15T17:58:47","date_gmt":"2012-11-15T15:58:47","guid":{"rendered":"http:\/\/gilde-alfred-delp.de\/cms\/?page_id=190"},"modified":"2012-11-15T18:02:00","modified_gmt":"2012-11-15T16:02:00","slug":"hotel-ibis-zentrum","status":"publish","type":"page","link":"https:\/\/gilde-alfred-delp.de\/cms\/beispiel-seite\/cartellversammlung-2013\/hotels\/hotel-ibis-zentrum\/","title":{"rendered":"Hotel Ibis-Zentrum"},"content":{"rendered":"<p><a href=\"http:\/\/www.marriott.de\/hotels\/travel\/qbobr-renaissance-bochum-hotel\/\"><span style=\"color: #333333;\">Universit\u00e4tsstr. 3, 44789 Bochum<\/span><\/a><a href=\"http:\/\/gilde-alfred-delp.de\/cms\/wp-content\/uploads\/2012\/11\/1440v00.jpg\"><img loading=\"lazy\" decoding=\"async\" class=\"alignright  wp-image-194\" style=\"border: 0px;\" title=\"Description Photo\" src=\"http:\/\/gilde-alfred-delp.de\/cms\/wp-content\/uploads\/2012\/11\/1440v00.jpg\" alt=\"\" width=\"346\" height=\"260\" srcset=\"https:\/\/gilde-alfred-delp.de\/cms\/wp-content\/uploads\/2012\/11\/1440v00.jpg 346w, https:\/\/gilde-alfred-delp.de\/cms\/wp-content\/uploads\/2012\/11\/1440v00-300x225.jpg 300w\" sizes=\"auto, (max-width: 346px) 100vw, 346px\" \/><\/a><\/p>\n<p><a href=\"http:\/\/ibishotel.ibis.com\/de\/hotel-1440-ibis-bochum-zentrum\/index.shtml\">http:\/\/ibishotel.ibis.com\/de\/hotel-1440-ibis-bochum-zentrum\/index.shtml<\/a><\/p>\n<p>\u00dcbernachtung Einzelzimmer inclusive Fr\u00fchst\u00fcck:<br \/>\n75,&#8211; \u20ac<br \/>\n\u00dcbernachtung Doppelzimmer inclusive Fr\u00fchst\u00fcck:<br \/>\n85,&#8211; \u20ac pro Nacht<br \/>\nStichwort: Gilde Cartellversammlung<\/p>\n<p>Reservierungsfrist: 25. M\u00e4rz 2013<\/p>\n<p>Kontingent: 15 Einzel-\/30 Doppelzimmer<\/p>\n<p>&#8211; Selbstzahler<br \/>\n&#8211; Die angegebenen Raten k\u00f6nnen vom Hotel mit einer Vorank\u00fcndigungszeit von 3<br \/>\n\u00a0 Monaten zum Anreisetag ge\u00e4ndert werden!<br \/>\n&#8211; Die Zimmer stehen je nach Hotel ab 14 oder 16 Uhr am Anreisetag zur Verf\u00fcgung<br \/>\n&#8211; Am Abreisetag sind die Zimmer bis 12 Uhr zu r\u00e4umen<\/p>\n","protected":false},"excerpt":{"rendered":"<p>Universit\u00e4tsstr. 3, 44789 Bochum http:\/\/ibishotel.ibis.com\/de\/hotel-1440-ibis-bochum-zentrum\/index.shtml \u00dcbernachtung Einzelzimmer inclusive Fr\u00fchst\u00fcck: 75,&#8211; \u20ac \u00dcbernachtung Doppelzimmer inclusive Fr\u00fchst\u00fcck: 85,&#8211; \u20ac pro Nacht Stichwort: Gilde Cartellversammlung Reservierungsfrist: 25. M\u00e4rz 2013 Kontingent: 15 Einzel-\/30 Doppelzimmer &#8211; Selbstzahler &#8211; Die angegebenen Raten k\u00f6nnen vom Hotel mit &hellip; <a href=\"https:\/\/gilde-alfred-delp.de\/cms\/beispiel-seite\/cartellversammlung-2013\/hotels\/hotel-ibis-zentrum\/\">Weiterlesen <span class=\"meta-nav\">&rarr;<\/span><\/a><\/p>\n","protected":false},"author":1,"featured_media":0,"parent":79,"menu_order":5,"comment_status":"open","ping_status":"open","template":"showcase.php","meta":{"footnotes":""},"class_list":["post-190","page","type-page","status-publish","hentry"],"_links":{"self":[{"href":"https:\/\/gilde-alfred-delp.de\/cms\/wp-json\/wp\/v2\/pages\/190","targetHints":{"allow":["GET"]}}],"collection":[{"href":"https:\/\/gilde-alfred-delp.de\/cms\/wp-json\/wp\/v2\/pages"}],"about":[{"href":"https:\/\/gilde-alfred-delp.de\/cms\/wp-json\/wp\/v2\/types\/page"}],"author":[{"embeddable":true,"href":"https:\/\/gilde-alfred-delp.de\/cms\/wp-json\/wp\/v2\/users\/1"}],"replies":[{"embeddable":true,"href":"https:\/\/gilde-alfred-delp.de\/cms\/wp-json\/wp\/v2\/comments?post=190"}],"version-history":[{"count":3,"href":"https:\/\/gilde-alfred-delp.de\/cms\/wp-json\/wp\/v2\/pages\/190\/revisions"}],"predecessor-version":[{"id":199,"href":"https:\/\/gilde-alfred-delp.de\/cms\/wp-json\/wp\/v2\/pages\/190\/revisions\/199"}],"up":[{"embeddable":true,"href":"https:\/\/gilde-alfred-delp.de\/cms\/wp-json\/wp\/v2\/pages\/79"}],"wp:attachment":[{"href":"https:\/\/gilde-alfred-delp.de\/cms\/wp-json\/wp\/v2\/media?parent=190"}],"curies":[{"name":"wp","href":"https:\/\/api.w.org\/{rel}","templated":true}]}}