{"id":180,"date":"2012-11-15T17:43:12","date_gmt":"2012-11-15T15:43:12","guid":{"rendered":"http:\/\/gilde-alfred-delp.de\/cms\/?page_id=180"},"modified":"2012-11-15T18:02:43","modified_gmt":"2012-11-15T16:02:43","slug":"ramada","status":"publish","type":"page","link":"https:\/\/gilde-alfred-delp.de\/cms\/beispiel-seite\/cartellversammlung-2013\/hotels\/ramada\/","title":{"rendered":"Acora Bochum"},"content":{"rendered":"<p>Nordring 44-50, 44787 Bochum<a href=\"http:\/\/gilde-alfred-delp.de\/cms\/wp-content\/uploads\/2012\/11\/bochum-startseite.gif\"><img loading=\"lazy\" decoding=\"async\" class=\"alignright  wp-image-187\" style=\"border: 0px;\" title=\"bochum-startseite\" src=\"http:\/\/gilde-alfred-delp.de\/cms\/wp-content\/uploads\/2012\/11\/bochum-startseite.gif\" alt=\"\" width=\"595\" height=\"251\" srcset=\"https:\/\/gilde-alfred-delp.de\/cms\/wp-content\/uploads\/2012\/11\/bochum-startseite.gif 595w, https:\/\/gilde-alfred-delp.de\/cms\/wp-content\/uploads\/2012\/11\/bochum-startseite-300x126.gif 300w, https:\/\/gilde-alfred-delp.de\/cms\/wp-content\/uploads\/2012\/11\/bochum-startseite-500x210.gif 500w\" sizes=\"auto, (max-width: 595px) 100vw, 595px\" \/><\/a><\/p>\n<p><a href=\"http:\/\/www.acora.de\/de\/bochum.htm\">http:\/\/www.acora.de\/de\/bochum.htm<\/a><\/p>\n<p>\u00dcbernachtung im Einzelzimmer inclusive Fr\u00fchst\u00fcck:<br \/>\n99,&#8211; \u20ac<br \/>\n\u00dcbernachtung im Doppelzimmer inclusive Fr\u00fchst\u00fcck:<br \/>\n119,&#8211; \u20ac<br \/>\nStichwort: Gilde Cartellversammlung<\/p>\n<p>Kontingent:\u00a015 Einzelzimmer, 25 Doppelzimmer<\/p>\n<p>Reservierungsfrist: 10. M\u00e4rz 2013<\/p>\n<p>&#8211; Selbstzahler<br \/>\n&#8211; Die angegebenen Raten k\u00f6nnen vom Hotel mit einer Vorank\u00fcndigungszeit von 3<br \/>\n\u00a0 Monaten zum Anreisetag ge\u00e4ndert werden!<br \/>\n&#8211; Die Zimmer stehen je nach Hotel ab 14 oder 16 Uhr am Anreisetag zur Verf\u00fcgung<br \/>\n&#8211; Am Abreisetag sind die Zimmer bis 12 Uhr zu r\u00e4umen<\/p>\n","protected":false},"excerpt":{"rendered":"<p>Nordring 44-50, 44787 Bochum http:\/\/www.acora.de\/de\/bochum.htm \u00dcbernachtung im Einzelzimmer inclusive Fr\u00fchst\u00fcck: 99,&#8211; \u20ac \u00dcbernachtung im Doppelzimmer inclusive Fr\u00fchst\u00fcck: 119,&#8211; \u20ac Stichwort: Gilde Cartellversammlung Kontingent:\u00a015 Einzelzimmer, 25 Doppelzimmer Reservierungsfrist: 10. M\u00e4rz 2013 &#8211; Selbstzahler &#8211; Die angegebenen Raten k\u00f6nnen vom Hotel mit &hellip; <a href=\"https:\/\/gilde-alfred-delp.de\/cms\/beispiel-seite\/cartellversammlung-2013\/hotels\/ramada\/\">Weiterlesen <span class=\"meta-nav\">&rarr;<\/span><\/a><\/p>\n","protected":false},"author":1,"featured_media":0,"parent":79,"menu_order":4,"comment_status":"open","ping_status":"open","template":"showcase.php","meta":{"footnotes":""},"class_list":["post-180","page","type-page","status-publish","hentry"],"_links":{"self":[{"href":"https:\/\/gilde-alfred-delp.de\/cms\/wp-json\/wp\/v2\/pages\/180","targetHints":{"allow":["GET"]}}],"collection":[{"href":"https:\/\/gilde-alfred-delp.de\/cms\/wp-json\/wp\/v2\/pages"}],"about":[{"href":"https:\/\/gilde-alfred-delp.de\/cms\/wp-json\/wp\/v2\/types\/page"}],"author":[{"embeddable":true,"href":"https:\/\/gilde-alfred-delp.de\/cms\/wp-json\/wp\/v2\/users\/1"}],"replies":[{"embeddable":true,"href":"https:\/\/gilde-alfred-delp.de\/cms\/wp-json\/wp\/v2\/comments?post=180"}],"version-history":[{"count":7,"href":"https:\/\/gilde-alfred-delp.de\/cms\/wp-json\/wp\/v2\/pages\/180\/revisions"}],"predecessor-version":[{"id":201,"href":"https:\/\/gilde-alfred-delp.de\/cms\/wp-json\/wp\/v2\/pages\/180\/revisions\/201"}],"up":[{"embeddable":true,"href":"https:\/\/gilde-alfred-delp.de\/cms\/wp-json\/wp\/v2\/pages\/79"}],"wp:attachment":[{"href":"https:\/\/gilde-alfred-delp.de\/cms\/wp-json\/wp\/v2\/media?parent=180"}],"curies":[{"name":"wp","href":"https:\/\/api.w.org\/{rel}","templated":true}]}}