{"id":171,"date":"2012-11-15T17:26:50","date_gmt":"2012-11-15T15:26:50","guid":{"rendered":"http:\/\/gilde-alfred-delp.de\/cms\/?page_id=171"},"modified":"2013-02-19T17:41:58","modified_gmt":"2013-02-19T15:41:58","slug":"renaissance-hotel","status":"publish","type":"page","link":"https:\/\/gilde-alfred-delp.de\/cms\/beispiel-seite\/cartellversammlung-2013\/hotels\/renaissance-hotel\/","title":{"rendered":"Renaissance Hotel"},"content":{"rendered":"<p><a href=\"http:\/\/gilde-alfred-delp.de\/cms\/wp-content\/uploads\/2012\/11\/qbobr_phototour08.jpg\"><img loading=\"lazy\" decoding=\"async\" class=\"alignright  wp-image-172\" style=\"border: 0px;\" title=\"qbobr_phototour08\" alt=\"\" src=\"http:\/\/gilde-alfred-delp.de\/cms\/wp-content\/uploads\/2012\/11\/qbobr_phototour08.jpg\" width=\"370\" height=\"423\" srcset=\"https:\/\/gilde-alfred-delp.de\/cms\/wp-content\/uploads\/2012\/11\/qbobr_phototour08.jpg 370w, https:\/\/gilde-alfred-delp.de\/cms\/wp-content\/uploads\/2012\/11\/qbobr_phototour08-262x300.jpg 262w\" sizes=\"auto, (max-width: 370px) 100vw, 370px\" \/><\/a><br \/>\nStadionring 18, 44791 Bochum<\/p>\n<p><a href=\"http:\/\/www.marriott.de\/hotels\/travel\/qbobr-renaissance-bochum-hotel\/\">http:\/\/www.marriott.de\/hotels\/travel\/qbobr-renaissance-bochum-hotel\/<\/a><\/p>\n<p>\u00dcbernachtung Doppelzimmer inclusive Fr\u00fchst\u00fcck:<br \/>\n157,&#8211; \u20ac pro Nacht<\/p>\n<p>Stichwort: Gilde Cartellversammlung<\/p>\n<p>Kontingent: 36 Doppelzimmer<\/p>\n<p>&#8211; Selbstzahler<br \/>\n&#8211; Die angegebenen Raten k\u00f6nnen vom Hotel mit einer<br \/>\n\u00a0\u00a0 Vorank\u00fcndigungszeit von 3 Monaten zum Anreisetag<br \/>\n\u00a0\u00a0 ge\u00e4ndert werden!<br \/>\n&#8211; Die Zimmer stehen je nach Hotel ab 14 oder 16 Uhr\u00a0\u00a0<br \/>\n\u00a0\u00a0 am Anreisetag zur Verf\u00fcgung<br \/>\n&#8211; Am Abreisetag sind die Zimmer bis 12 Uhr zu r\u00e4umen<\/p>\n","protected":false},"excerpt":{"rendered":"<p>Stadionring 18, 44791 Bochum http:\/\/www.marriott.de\/hotels\/travel\/qbobr-renaissance-bochum-hotel\/ \u00dcbernachtung Doppelzimmer inclusive Fr\u00fchst\u00fcck: 157,&#8211; \u20ac pro Nacht Stichwort: Gilde Cartellversammlung Kontingent: 36 Doppelzimmer &#8211; Selbstzahler &#8211; Die angegebenen Raten k\u00f6nnen vom Hotel mit einer \u00a0\u00a0 Vorank\u00fcndigungszeit von 3 Monaten zum Anreisetag \u00a0\u00a0 ge\u00e4ndert werden! &hellip; <a href=\"https:\/\/gilde-alfred-delp.de\/cms\/beispiel-seite\/cartellversammlung-2013\/hotels\/renaissance-hotel\/\">Weiterlesen <span class=\"meta-nav\">&rarr;<\/span><\/a><\/p>\n","protected":false},"author":1,"featured_media":0,"parent":79,"menu_order":0,"comment_status":"open","ping_status":"open","template":"showcase.php","meta":{"footnotes":""},"class_list":["post-171","page","type-page","status-publish","hentry"],"_links":{"self":[{"href":"https:\/\/gilde-alfred-delp.de\/cms\/wp-json\/wp\/v2\/pages\/171","targetHints":{"allow":["GET"]}}],"collection":[{"href":"https:\/\/gilde-alfred-delp.de\/cms\/wp-json\/wp\/v2\/pages"}],"about":[{"href":"https:\/\/gilde-alfred-delp.de\/cms\/wp-json\/wp\/v2\/types\/page"}],"author":[{"embeddable":true,"href":"https:\/\/gilde-alfred-delp.de\/cms\/wp-json\/wp\/v2\/users\/1"}],"replies":[{"embeddable":true,"href":"https:\/\/gilde-alfred-delp.de\/cms\/wp-json\/wp\/v2\/comments?post=171"}],"version-history":[{"count":8,"href":"https:\/\/gilde-alfred-delp.de\/cms\/wp-json\/wp\/v2\/pages\/171\/revisions"}],"predecessor-version":[{"id":204,"href":"https:\/\/gilde-alfred-delp.de\/cms\/wp-json\/wp\/v2\/pages\/171\/revisions\/204"}],"up":[{"embeddable":true,"href":"https:\/\/gilde-alfred-delp.de\/cms\/wp-json\/wp\/v2\/pages\/79"}],"wp:attachment":[{"href":"https:\/\/gilde-alfred-delp.de\/cms\/wp-json\/wp\/v2\/media?parent=171"}],"curies":[{"name":"wp","href":"https:\/\/api.w.org\/{rel}","templated":true}]}}