{"id":149,"date":"2012-11-15T15:36:20","date_gmt":"2012-11-15T13:36:20","guid":{"rendered":"http:\/\/gilde-alfred-delp.de\/cms\/?page_id=149"},"modified":"2012-11-18T12:38:40","modified_gmt":"2012-11-18T10:38:40","slug":"prof-dr-hermann-josef-pottmeyer","status":"publish","type":"page","link":"https:\/\/gilde-alfred-delp.de\/cms\/beispiel-seite\/cartellversammlung-2013\/orte\/prof-dr-hermann-josef-pottmeyer\/","title":{"rendered":"Prof.em. Dr. Hermann Josef Pottmeyer"},"content":{"rendered":"<div id=\"jump-to-nav\" style=\"text-align: justify;\"><strong>Hermann Josef Pottmeyer<\/strong> (* <a title=\"1. Juni\" href=\"http:\/\/de.wikipedia.org\/wiki\/1._Juni\">1. Juni<\/a> <a title=\"1934\" href=\"http:\/\/de.wikipedia.org\/wiki\/1934\">1934<\/a> in <a title=\"Bocholt\" href=\"http:\/\/de.wikipedia.org\/wiki\/Bocholt\">Bocholt<\/a>) ist ein deutscher <a title=\"Fundamentaltheologie\" href=\"http:\/\/de.wikipedia.org\/wiki\/Fundamentaltheologie\">Fundamentaltheologe<\/a>.<\/div>\n<div style=\"text-align: justify;\">\u00a0<a href=\"http:\/\/gilde-alfred-delp.de\/cms\/wp-content\/uploads\/2012\/11\/pottmeyer_marg.jpg\"><img loading=\"lazy\" decoding=\"async\" class=\"alignright  wp-image-162\" style=\"border: 0px;\" title=\"pottmeyer_marg\" src=\"http:\/\/gilde-alfred-delp.de\/cms\/wp-content\/uploads\/2012\/11\/pottmeyer_marg.jpg\" alt=\"\" width=\"200\" height=\"386\" srcset=\"https:\/\/gilde-alfred-delp.de\/cms\/wp-content\/uploads\/2012\/11\/pottmeyer_marg.jpg 200w, https:\/\/gilde-alfred-delp.de\/cms\/wp-content\/uploads\/2012\/11\/pottmeyer_marg-155x300.jpg 155w\" sizes=\"auto, (max-width: 200px) 100vw, 200px\" \/><\/a><\/div>\n<div>\n<p style=\"text-align: justify;\">Nach dem Studium der <a title=\"Katholische Theologie\" href=\"http:\/\/de.wikipedia.org\/wiki\/Katholische_Theologie\">katholischen Theologie<\/a> und der <a title=\"Philosophie\" href=\"http:\/\/de.wikipedia.org\/wiki\/Philosophie\">Philosophie<\/a> in <a title=\"M\u00fcnster (Westfalen)\" href=\"http:\/\/de.wikipedia.org\/wiki\/M%C3%BCnster_(Westfalen)\">M\u00fcnster<\/a> und <a title=\"Rom\" href=\"http:\/\/de.wikipedia.org\/wiki\/Rom\">Rom<\/a> empfing er 1960 die <a title=\"Weihesakrament\" href=\"http:\/\/de.wikipedia.org\/wiki\/Weihesakrament\">Priesterweihe<\/a>. 1964 wurde Pottmeyer an der <a title=\"P\u00e4pstliche Universit\u00e4t Gregoriana\" href=\"http:\/\/de.wikipedia.org\/wiki\/P%C3%A4pstliche_Universit%C3%A4t_Gregoriana\">P\u00e4pstlichen Universit\u00e4t Gregoriana<\/a> nach der Anfertigung der <a title=\"Dissertation\" href=\"http:\/\/de.wikipedia.org\/wiki\/Dissertation\">Dissertationsschrift<\/a> <em>Der H\u00f6hepunkt der Auseinandersetzung um Glauben und Wissenschaft im 19. Jahrhundert. Dogmatisch-historische Untersuchung der Konstitution \u201eDei Filius\u201c des 1. Vatikanischen Konzils<\/em> zum <a title=\"Doctor Theologiae\" href=\"http:\/\/de.wikipedia.org\/wiki\/Doctor_Theologiae\">Dr. theol.<\/a> <a title=\"Promotion (Doktor)\" href=\"http:\/\/de.wikipedia.org\/wiki\/Promotion_(Doktor)\">promoviert<\/a>. 1974 erwarb er die Lehrbefugnis durch seine Habilitation im Bereich der Systematischen Theologie (Dogmatik und Dogmengeschichte) an der <a title=\"Westf\u00e4lische Wilhelms-Universit\u00e4t\" href=\"http:\/\/de.wikipedia.org\/wiki\/Westf%C3%A4lische_Wilhelms-Universit%C3%A4t\">Westf\u00e4lische Wilhelms-Universit\u00e4t M\u00fcnster<\/a>. Ebenfalls 1974 erfolgte seine Bestellung zum Ordinarius f\u00fcr Fundamentaltheologie an der <a title=\"Ruhr-Universit\u00e4t Bochum\" href=\"http:\/\/de.wikipedia.org\/wiki\/Ruhr-Universit%C3%A4t_Bochum\">Ruhr-Universit\u00e4t Bochum<\/a>. Als Professor f\u00fcr Fundamentaltheologie wurde er im Jahre 2000 emeritiert.<\/p>\n<p style=\"text-align: justify;\">Ab 1980 war er Mitglied der Glaubenskommission der <a title=\"Deutsche Bischofskonferenz\" href=\"http:\/\/de.wikipedia.org\/wiki\/Deutsche_Bischofskonferenz\">Deutschen Bischofskonferenz<\/a>; ab 1987 Berater f\u00fcr das <a title=\"Zentralkomitee der deutschen Katholiken\" href=\"http:\/\/de.wikipedia.org\/wiki\/Zentralkomitee_der_deutschen_Katholiken\">Zentralkomitee der deutschen Katholiken<\/a>. Ab 1993 im <a title=\"\u00d6kumenischer Arbeitskreis evangelischer und katholischer Theologen\" href=\"http:\/\/de.wikipedia.org\/wiki\/%C3%96kumenischer_Arbeitskreis_evangelischer_und_katholischer_Theologen\">\u00d6kumenischen Arbeitskreis evangelischer und katholischer Theologen<\/a> und in der <a title=\"Internationale Theologenkommission\" href=\"http:\/\/de.wikipedia.org\/wiki\/Internationale_Theologenkommission\">Internationalen Theologenkommission<\/a>; 1994 Berufung in den Wissenschaftlichen Beirat des Mail\u00e4nder Theologischen Institutes Paolo VI.<\/p>\n<p style=\"text-align: justify;\">Hermann Josef Pottmeyer setzt sich in seiner wissenschaftlichen Arbeit ma\u00dfgeblich mit der Aufarbeitung der Ergebnisse des <a title=\"Zweites Vatikanisches Konzil\" href=\"http:\/\/de.wikipedia.org\/wiki\/Zweites_Vatikanisches_Konzil\">II. Vatikanischen Konzils<\/a> auseinander. Er geht davon aus, dass das Potential dieses zentralen kirchlichen Ereignisses des 20. Jahrhunderts noch nicht voll entfaltet wurde bzw. dass es einer Weiterf\u00fchrung bedarf. Eine zentrale Rolle dabei spielt die Konzeption des Dienstes des <a title=\"Papst\" href=\"http:\/\/de.wikipedia.org\/wiki\/Papst\">Papstes<\/a> innerhalb der Kirche (\u201eDas Petrusamt wird seine wahre Dimension, ein Dienst an der Communio aller Kirchen und Christen zu sein, erst gewinnen, wenn seine Konzeption nicht l\u00e4nger von der vorkonziliaren Ekklesiologie bestimmt wird\u201c) sowie die rechte Interpretation der \u201ehierarchischen\u201c Verfassung der Kirche und der Rolle der Laien in derselben.<\/p>\n<p style=\"text-align: justify;\">Ein wissenschaftlicher Hauptverdienst Pottmeyers ist die Edition des \u201eHandbuches der Fundamentaltheologie\u201c gemeinsam mit <a title=\"Walter Kern (Theologe)\" href=\"http:\/\/de.wikipedia.org\/wiki\/Walter_Kern_(Theologe)\">Walter Kern<\/a> und <a title=\"Max Seckler\" href=\"http:\/\/de.wikipedia.org\/wiki\/Max_Seckler\">Max Seckler<\/a>, das im deutschen und &#8211; in der \u00dcbersetzung &#8211; im italienischen Sprachraum das Standardwerk dieser Wissenschaftsdisziplin wurde.<\/p>\n<p>&nbsp;<\/p>\n<ul>\n<li>1991 <a title=\"Johannes Quasten\" href=\"http:\/\/de.wikipedia.org\/wiki\/Johannes_Quasten\">Johannes-Quasten-Award<\/a> der <a title=\"Catholic University of America\" href=\"http:\/\/de.wikipedia.org\/wiki\/Catholic_University_of_America\">Catholic University of America<\/a>, <a title=\"Washington, D.C.\" href=\"http:\/\/de.wikipedia.org\/wiki\/Washington,_D.C.\">Washington, D.C.<\/a><\/li>\n<li>1998 Ehrendoktorw\u00fcrde zum Dr. h.c. an der Theologischen Fakult\u00e4t der <a title=\"P\u00e4pstliche Universit\u00e4t Johannes Paul II.\" href=\"http:\/\/de.wikipedia.org\/wiki\/P%C3%A4pstliche_Universit%C3%A4t_Johannes_Paul_II.\">P\u00e4pstlichen Theologischen Akademie Krakau<\/a><\/li>\n<li>2001 Ernennung zum &#8222;Ehrenpr\u00e4lat Seiner Heiligkeit&#8220; durch Papst Johannes Paul II.<\/li>\n<\/ul>\n<\/div>\n","protected":false},"excerpt":{"rendered":"<p>Hermann Josef Pottmeyer (* 1. Juni 1934 in Bocholt) ist ein deutscher Fundamentaltheologe. \u00a0 Nach dem Studium der katholischen Theologie und der Philosophie in M\u00fcnster und Rom empfing er 1960 die Priesterweihe. 1964 wurde Pottmeyer an der P\u00e4pstlichen Universit\u00e4t Gregoriana &hellip; <a href=\"https:\/\/gilde-alfred-delp.de\/cms\/beispiel-seite\/cartellversammlung-2013\/orte\/prof-dr-hermann-josef-pottmeyer\/\">Weiterlesen <span class=\"meta-nav\">&rarr;<\/span><\/a><\/p>\n","protected":false},"author":1,"featured_media":0,"parent":75,"menu_order":2,"comment_status":"open","ping_status":"open","template":"showcase.php","meta":{"footnotes":""},"class_list":["post-149","page","type-page","status-publish","hentry"],"_links":{"self":[{"href":"https:\/\/gilde-alfred-delp.de\/cms\/wp-json\/wp\/v2\/pages\/149","targetHints":{"allow":["GET"]}}],"collection":[{"href":"https:\/\/gilde-alfred-delp.de\/cms\/wp-json\/wp\/v2\/pages"}],"about":[{"href":"https:\/\/gilde-alfred-delp.de\/cms\/wp-json\/wp\/v2\/types\/page"}],"author":[{"embeddable":true,"href":"https:\/\/gilde-alfred-delp.de\/cms\/wp-json\/wp\/v2\/users\/1"}],"replies":[{"embeddable":true,"href":"https:\/\/gilde-alfred-delp.de\/cms\/wp-json\/wp\/v2\/comments?post=149"}],"version-history":[{"count":10,"href":"https:\/\/gilde-alfred-delp.de\/cms\/wp-json\/wp\/v2\/pages\/149\/revisions"}],"predecessor-version":[{"id":284,"href":"https:\/\/gilde-alfred-delp.de\/cms\/wp-json\/wp\/v2\/pages\/149\/revisions\/284"}],"up":[{"embeddable":true,"href":"https:\/\/gilde-alfred-delp.de\/cms\/wp-json\/wp\/v2\/pages\/75"}],"wp:attachment":[{"href":"https:\/\/gilde-alfred-delp.de\/cms\/wp-json\/wp\/v2\/media?parent=149"}],"curies":[{"name":"wp","href":"https:\/\/api.w.org\/{rel}","templated":true}]}}