{"id":146,"date":"2012-11-15T15:31:18","date_gmt":"2012-11-15T13:31:18","guid":{"rendered":"http:\/\/gilde-alfred-delp.de\/cms\/?page_id=146"},"modified":"2012-11-18T11:13:13","modified_gmt":"2012-11-18T09:13:13","slug":"dr-franz-josef-overbeck-bischof-von-essen","status":"publish","type":"page","link":"https:\/\/gilde-alfred-delp.de\/cms\/beispiel-seite\/cartellversammlung-2013\/orte\/dr-franz-josef-overbeck-bischof-von-essen\/","title":{"rendered":"Dr. Franz-Josef Overbeck, Bischof von Essen"},"content":{"rendered":"<p style=\"text-align: justify;\"><strong>Franz-Josef Overbeck<\/strong> (* <a title=\"19. Juni\" href=\"http:\/\/de.wikipedia.org\/wiki\/19._Juni\">19. Juni<\/a> <a title=\"1964\" href=\"http:\/\/de.wikipedia.org\/wiki\/1964\">1964<\/a> in <a title=\"Marl\" href=\"http:\/\/de.wikipedia.org\/wiki\/Marl\">Marl<\/a>) ist ein <a title=\"R\u00f6misch-katholische Kirche\" href=\"http:\/\/de.wikipedia.org\/wiki\/R%C3%B6misch-katholische_Kirche\">r\u00f6misch-katholischer<\/a> <a title=\"Theologe\" href=\"http:\/\/de.wikipedia.org\/wiki\/Theologe\">Theologe<\/a>. Er ist seit 2009 <a title=\"Bischof\" href=\"http:\/\/de.wikipedia.org\/wiki\/Bischof\">Bischof<\/a> von <a title=\"Bistum Essen\" href=\"http:\/\/de.wikipedia.org\/wiki\/Bistum_Essen\">Essen<\/a> und seit 2011 <a title=\"Milit\u00e4rbischof\" href=\"http:\/\/de.wikipedia.org\/wiki\/Milit%C3%A4rbischof\">Milit\u00e4rbischof<\/a> der Deutschen <a title=\"Bundeswehr\" href=\"http:\/\/de.wikipedia.org\/wiki\/Bundeswehr\">Bundeswehr<\/a>. Overbeck ist der derzeit j\u00fcngste deutsche <a title=\"Di\u00f6zesanbischof\" href=\"http:\/\/de.wikipedia.org\/wiki\/Di%C3%B6zesanbischof\">Di\u00f6zesanbischof<\/a>.<br \/>\n<a href=\"http:\/\/gilde-alfred-delp.de\/cms\/wp-content\/uploads\/2012\/11\/Franz-Josef-Overbeck-in-Oberhausen-656x240.jpg\"><img loading=\"lazy\" decoding=\"async\" class=\"wp-image-165 alignleft\" style=\"border: 0px;\" title=\"Franz-Josef-Overbeck-in-Oberhausen-656x240\" src=\"http:\/\/gilde-alfred-delp.de\/cms\/wp-content\/uploads\/2012\/11\/Franz-Josef-Overbeck-in-Oberhausen-656x240.jpg\" alt=\"\" width=\"656\" height=\"240\" srcset=\"https:\/\/gilde-alfred-delp.de\/cms\/wp-content\/uploads\/2012\/11\/Franz-Josef-Overbeck-in-Oberhausen-656x240.jpg 656w, https:\/\/gilde-alfred-delp.de\/cms\/wp-content\/uploads\/2012\/11\/Franz-Josef-Overbeck-in-Oberhausen-656x240-300x109.jpg 300w, https:\/\/gilde-alfred-delp.de\/cms\/wp-content\/uploads\/2012\/11\/Franz-Josef-Overbeck-in-Oberhausen-656x240-500x182.jpg 500w\" sizes=\"auto, (max-width: 656px) 100vw, 656px\" \/><\/a>Franz-Josef Overbeck studierte nach seinem Abitur 1983 am Geschwister-Scholl-Gymnasium in Marl zun\u00e4chst zwei Semester <a title=\"Philosophie\" href=\"http:\/\/de.wikipedia.org\/wiki\/Philosophie\">Philosophie<\/a> und <a title=\"Katholische Theologie\" href=\"http:\/\/de.wikipedia.org\/wiki\/Katholische_Theologie\">Katholische Theologie<\/a> an der <a title=\"Westf\u00e4lische Wilhelms-Universit\u00e4t\" href=\"http:\/\/de.wikipedia.org\/wiki\/Westf%C3%A4lische_Wilhelms-Universit%C3%A4t\">Westf\u00e4lischen Wilhelms-Universit\u00e4t<\/a> in <a title=\"M\u00fcnster (Westfalen)\" href=\"http:\/\/de.wikipedia.org\/wiki\/M%C3%BCnster_(Westfalen)\">M\u00fcnster<\/a>.<sup id=\"cite_ref-3\"><a href=\"http:\/\/de.wikipedia.org\/wiki\/Franz-Josef_Overbeck#cite_note-3\">[3]<\/a><\/sup> 1984 wechselte er nach <a title=\"Rom\" href=\"http:\/\/de.wikipedia.org\/wiki\/Rom\">Rom<\/a> an das <a title=\"Pontificium Collegium Germanicum et Hungaricum de Urbe\" href=\"http:\/\/de.wikipedia.org\/wiki\/Pontificium_Collegium_Germanicum_et_Hungaricum_de_Urbe\">Collegium Germanicum et Hungaricum<\/a> und beendete 1990 sein Theologie- und Philosophiestudium mit einem <a title=\"Lizentiat\" href=\"http:\/\/de.wikipedia.org\/wiki\/Lizentiat\">Lizentiat<\/a> an der <a title=\"P\u00e4pstliche Universit\u00e4t Gregoriana\" href=\"http:\/\/de.wikipedia.org\/wiki\/P%C3%A4pstliche_Universit%C3%A4t_Gregoriana\">P\u00e4pstlichen Universit\u00e4t Gregoriana<\/a>. Am 10.\u00a0Oktober 1989 empfing er in der Kirche <a title=\"Sant\u2019Ignazio di Loyola in Campo Marzio\" href=\"http:\/\/de.wikipedia.org\/wiki\/Sant%E2%80%99Ignazio_di_Loyola_in_Campo_Marzio\">Sant\u2019Ignazio di Loyola in Campo Marzio<\/a> in Rom durch <a title=\"Benedikt XVI.\" href=\"http:\/\/de.wikipedia.org\/wiki\/Benedikt_XVI.\">Joseph Kardinal Ratzinger<\/a> f\u00fcr die Di\u00f6zese M\u00fcnster das <a title=\"Sakrament\" href=\"http:\/\/de.wikipedia.org\/wiki\/Sakrament\">Sakrament<\/a> der <a title=\"Ordination\" href=\"http:\/\/de.wikipedia.org\/wiki\/Ordination#Priesterweihe\">Priesterweihe<\/a>.<\/p>\n<p style=\"text-align: justify;\">Von 1990 bis 1994 war Overbeck als <a title=\"Kaplan\" href=\"http:\/\/de.wikipedia.org\/wiki\/Kaplan\">Kaplan<\/a> in <a title=\"Haltern am See\" href=\"http:\/\/de.wikipedia.org\/wiki\/Haltern_am_See\">Haltern<\/a> t\u00e4tig. 1994 wurde er zum <a title=\"Vikar\" href=\"http:\/\/de.wikipedia.org\/wiki\/Vikar\">Domvikar<\/a> und zum <a title=\"Rektor\" href=\"http:\/\/de.wikipedia.org\/wiki\/Rektor\">Rektor<\/a> des <a title=\"Deutsches Studentenheim\" href=\"http:\/\/de.wikipedia.org\/wiki\/Deutsches_Studentenheim\">Deutschen Studentenheims<\/a> in M\u00fcnster ernannt. Er wurde von Bischof <a title=\"Reinhard Lettmann\" href=\"http:\/\/de.wikipedia.org\/wiki\/Reinhard_Lettmann\">Reinhard Lettmann<\/a> f\u00fcr weitere akademische Studien freigestellt und wurde 2000 mit der dogmatischen Arbeit <em>\u201eDer gottbezogene Mensch. Eine systematische Untersuchung zur Bestimmung des Menschen und zur \u00abSelbstverwirklichung\u00bb Gottes in der Anthropologie und Trinit\u00e4tstheologie <a title=\"Wolfhart Pannenberg\" href=\"http:\/\/de.wikipedia.org\/wiki\/Wolfhart_Pannenberg\">Wolfhart Pannenbergs<\/a>\u201c<\/em> an der Katholisch-Theologischen Fakult\u00e4t der Westf\u00e4lischen Wilhelms-Universit\u00e4t M\u00fcnster zum <em><a title=\"Doktor Theologiae\" href=\"http:\/\/de.wikipedia.org\/wiki\/Doktor_Theologiae\">Dr. theol.<\/a><\/em> <a title=\"Promotion (Doktor)\" href=\"http:\/\/de.wikipedia.org\/wiki\/Promotion_(Doktor)\">promoviert<\/a>.<\/p>\n<p style=\"text-align: justify;\">2000 wurde Overbeck Leiter des Instituts f\u00fcr Diakonat und pastorale Dienste im Bistum M\u00fcnster, der Ausbildungs- und Fortbildungsst\u00e4tte f\u00fcr St\u00e4ndige <a title=\"Diakon\" href=\"http:\/\/de.wikipedia.org\/wiki\/Diakon\">Diakone<\/a> und <a title=\"Pastoralreferent\" href=\"http:\/\/de.wikipedia.org\/wiki\/Pastoralreferent\">Pastoralreferenten<\/a> des Bistums M\u00fcnster, sowie Bisch\u00f6flicher Beauftragter f\u00fcr den <a title=\"St\u00e4ndiger Diakonat\" href=\"http:\/\/de.wikipedia.org\/wiki\/St%C3%A4ndiger_Diakonat\">St\u00e4ndigen Diakonat<\/a>. 2002 wurde er zus\u00e4tzlich kirchlicher Assistent f\u00fcr die <a title=\"Gemeinschaft Christlichen Lebens\" href=\"http:\/\/de.wikipedia.org\/wiki\/Gemeinschaft_Christlichen_Lebens\">Gemeinschaft Christlichen Lebens<\/a>. 2002\/03 konnte er eine Krebserkrankung \u00fcberwinden.<sup id=\"cite_ref-4\"><a href=\"http:\/\/de.wikipedia.org\/wiki\/Franz-Josef_Overbeck#cite_note-4\">[4]<\/a><\/sup><\/p>\n<h3 style=\"text-align: justify;\">Weihbischof in M\u00fcnster<\/h3>\n<p style=\"text-align: justify;\">Am 18.\u00a0Juli 2007 ernannte ihn <a title=\"Papst\" href=\"http:\/\/de.wikipedia.org\/wiki\/Papst\">Papst<\/a> <a title=\"Benedikt XVI.\" href=\"http:\/\/de.wikipedia.org\/wiki\/Benedikt_XVI.\">Benedikt\u00a0XVI.<\/a> zum <a title=\"Titularbischof\" href=\"http:\/\/de.wikipedia.org\/wiki\/Titularbischof\">Titularbischof<\/a> von <em><a title=\"Mathara in Numidia\" href=\"http:\/\/de.wikipedia.org\/wiki\/Mathara_in_Numidia\">Mathara in Numidia<\/a><\/em> und zum <a title=\"Weihbischof\" href=\"http:\/\/de.wikipedia.org\/wiki\/Weihbischof\">Weihbischof<\/a> in <a title=\"Bistum M\u00fcnster\" href=\"http:\/\/de.wikipedia.org\/wiki\/Bistum_M%C3%BCnster\">M\u00fcnster<\/a>. Die <a title=\"Bischofsweihe\" href=\"http:\/\/de.wikipedia.org\/wiki\/Bischofsweihe\">Bischofsweihe<\/a> spendete Overbeck am 1.\u00a0September 2007 der M\u00fcnsteraner Bischof <a title=\"Reinhard Lettmann\" href=\"http:\/\/de.wikipedia.org\/wiki\/Reinhard_Lettmann\">Reinhard Lettmann<\/a>; <a title=\"Konsekration\" href=\"http:\/\/de.wikipedia.org\/wiki\/Konsekration\">Mitkonsekratoren<\/a> waren der <a title=\"Bistum Aachen\" href=\"http:\/\/de.wikipedia.org\/wiki\/Bistum_Aachen\">Aachener<\/a> Bischof <a title=\"Heinrich Mussinghoff\" href=\"http:\/\/de.wikipedia.org\/wiki\/Heinrich_Mussinghoff\">Heinrich Mussinghoff<\/a> und Overbecks Vorg\u00e4nger als <a title=\"Regionalbischof\" href=\"http:\/\/de.wikipedia.org\/wiki\/Regionalbischof\">Regionalbischof<\/a> f\u00fcr die Region M\u00fcnster\/<a title=\"Warendorf\" href=\"http:\/\/de.wikipedia.org\/wiki\/Warendorf\">Warendorf<\/a>, Weihbischof <a title=\"Friedrich Ostermann (Bischof)\" href=\"http:\/\/de.wikipedia.org\/wiki\/Friedrich_Ostermann_(Bischof)\">Friedrich Ostermann<\/a>. Overbecks <a title=\"Wahlspruch\" href=\"http:\/\/de.wikipedia.org\/wiki\/Wahlspruch\">Wahlspruch<\/a> ist: <em>Magnificat anima mea Dominum<\/em> (\u201eMeine Seele preist die Gr\u00f6\u00dfe des Herrn\u201c) und entstammt dem <a title=\"Magnificat\" href=\"http:\/\/de.wikipedia.org\/wiki\/Magnificat\">Magnificat<\/a> (Anfangsworte).<sup id=\"cite_ref-5\"><a href=\"http:\/\/de.wikipedia.org\/wiki\/Franz-Josef_Overbeck#cite_note-5\">[5]<\/a><\/sup><\/p>\n<p style=\"text-align: justify;\">Am 29.\u00a0M\u00e4rz 2008 w\u00e4hlte ihn das <a title=\"Domkapitel M\u00fcnster\" href=\"http:\/\/de.wikipedia.org\/wiki\/Domkapitel_M%C3%BCnster\">M\u00fcnsteraner Domkapitel<\/a> zum <a title=\"Di\u00f6zesanadministrator\" href=\"http:\/\/de.wikipedia.org\/wiki\/Di%C3%B6zesanadministrator\">Di\u00f6zesanadministrator<\/a> f\u00fcr die Zeit der <a title=\"Sedisvakanz\" href=\"http:\/\/de.wikipedia.org\/wiki\/Sedisvakanz\">Sedisvakanz<\/a>, nachdem Papst Benedikt\u00a0XVI. den altersbedingten R\u00fccktritt von Bischof Lettmann mit Wirkung vom 28. M\u00e4rz 2008 angenommen hatte. Mit dem Amtsantritt von Bischof <a title=\"Felix Genn\" href=\"http:\/\/de.wikipedia.org\/wiki\/Felix_Genn\">Felix Genn<\/a> am 29.\u00a0M\u00e4rz 2009 erlosch das Amt.<\/p>\n<h3 style=\"text-align: justify;\">Bischof von Essen<\/h3>\n<p style=\"text-align: justify;\">Am 28.\u00a0Oktober 2009 wurde die Ernennung Overbecks zum Bischof der Di\u00f6zese Essen &#8211; nach der Wahl zum Bischof von Essen durch das Hohe Domkapitel der Essener Kathedralkirche und Ernennung durch Papst Benedikt XVI. &#8211; bekannt gegeben.<sup id=\"cite_ref-6\"><a href=\"http:\/\/de.wikipedia.org\/wiki\/Franz-Josef_Overbeck#cite_note-6\">[6]<\/a><\/sup> Er ist damit der vierte Bischof des Ruhrbistums und Nachfolger von Felix Genn. Seine feierliche Amtseinf\u00fchrung fand am vierten Adventsonntag, dem 20.\u00a0Dezember 2009, im <a title=\"Essener Dom\" href=\"http:\/\/de.wikipedia.org\/wiki\/Essener_Dom\">Essener Dom<\/a> statt.<\/p>\n<p>wikipedia<\/p>\n","protected":false},"excerpt":{"rendered":"<p>Franz-Josef Overbeck (* 19. Juni 1964 in Marl) ist ein r\u00f6misch-katholischer Theologe. Er ist seit 2009 Bischof von Essen und seit 2011 Milit\u00e4rbischof der Deutschen Bundeswehr. Overbeck ist der derzeit j\u00fcngste deutsche Di\u00f6zesanbischof. Franz-Josef Overbeck studierte nach seinem Abitur 1983 &hellip; <a href=\"https:\/\/gilde-alfred-delp.de\/cms\/beispiel-seite\/cartellversammlung-2013\/orte\/dr-franz-josef-overbeck-bischof-von-essen\/\">Weiterlesen <span class=\"meta-nav\">&rarr;<\/span><\/a><\/p>\n","protected":false},"author":1,"featured_media":0,"parent":75,"menu_order":1,"comment_status":"open","ping_status":"open","template":"showcase.php","meta":{"footnotes":""},"class_list":["post-146","page","type-page","status-publish","hentry"],"_links":{"self":[{"href":"https:\/\/gilde-alfred-delp.de\/cms\/wp-json\/wp\/v2\/pages\/146","targetHints":{"allow":["GET"]}}],"collection":[{"href":"https:\/\/gilde-alfred-delp.de\/cms\/wp-json\/wp\/v2\/pages"}],"about":[{"href":"https:\/\/gilde-alfred-delp.de\/cms\/wp-json\/wp\/v2\/types\/page"}],"author":[{"embeddable":true,"href":"https:\/\/gilde-alfred-delp.de\/cms\/wp-json\/wp\/v2\/users\/1"}],"replies":[{"embeddable":true,"href":"https:\/\/gilde-alfred-delp.de\/cms\/wp-json\/wp\/v2\/comments?post=146"}],"version-history":[{"count":7,"href":"https:\/\/gilde-alfred-delp.de\/cms\/wp-json\/wp\/v2\/pages\/146\/revisions"}],"predecessor-version":[{"id":271,"href":"https:\/\/gilde-alfred-delp.de\/cms\/wp-json\/wp\/v2\/pages\/146\/revisions\/271"}],"up":[{"embeddable":true,"href":"https:\/\/gilde-alfred-delp.de\/cms\/wp-json\/wp\/v2\/pages\/75"}],"wp:attachment":[{"href":"https:\/\/gilde-alfred-delp.de\/cms\/wp-json\/wp\/v2\/media?parent=146"}],"curies":[{"name":"wp","href":"https:\/\/api.w.org\/{rel}","templated":true}]}}